{"id":6953,"date":"2023-04-24T16:08:44","date_gmt":"2023-04-24T14:08:44","guid":{"rendered":"https:\/\/smtwp.medienfabrikant.de\/?page_id=6953"},"modified":"2023-05-12T21:22:31","modified_gmt":"2023-05-12T19:22:31","slug":"customer-project-information","status":"publish","type":"page","link":"https:\/\/tibek-cnc-technik.de\/en\/kundenprojekt-informationen\/","title":{"rendered":"Customer Project Information"},"content":{"rendered":"\t\t<div data-elementor-type=\"wp-page\" data-elementor-id=\"6953\" class=\"elementor elementor-6953\" data-elementor-post-type=\"page\">\n\t\t\t\t<div class=\"elementor-element elementor-element-1f7287e9 e-flex e-con-boxed e-con e-parent\" data-id=\"1f7287e9\" data-element_type=\"container\" data-e-type=\"container\" data-settings=\"{&quot;background_background&quot;:&quot;classic&quot;}\">\n\t\t\t\t\t<div class=\"e-con-inner\">\n\t\t\t\t<div class=\"elementor-element elementor-element-35bb8de8 exad-sticky-section-no exad-glass-effect-no elementor-widget elementor-widget-heading\" data-id=\"35bb8de8\" data-element_type=\"widget\" data-e-type=\"widget\" data-widget_type=\"heading.default\">\n\t\t\t\t<div class=\"elementor-widget-container\">\n\t\t\t\t\t<h1 class=\"elementor-heading-title elementor-size-default\">Sie m\u00f6chten Ihre M\u00f6belkreationen auch auf unserer Website pr\u00e4sentieren?<\/h1>\t\t\t\t<\/div>\n\t\t\t\t<\/div>\n\t\t\t\t<div class=\"elementor-element elementor-element-330c44f5 exad-sticky-section-no exad-glass-effect-no elementor-widget elementor-widget-heading\" data-id=\"330c44f5\" data-element_type=\"widget\" data-e-type=\"widget\" data-widget_type=\"heading.default\">\n\t\t\t\t<div class=\"elementor-widget-container\">\n\t\t\t\t\t<h3 class=\"elementor-heading-title elementor-size-default\">So wird's gemacht:<\/h3>\t\t\t\t<\/div>\n\t\t\t\t<\/div>\n\t\t\t\t<div class=\"elementor-element elementor-element-33a96d89 exad-sticky-section-no exad-glass-effect-no elementor-widget elementor-widget-text-editor\" data-id=\"33a96d89\" data-element_type=\"widget\" data-e-type=\"widget\" data-widget_type=\"text-editor.default\">\n\t\t\t\t<div class=\"elementor-widget-container\">\n\t\t\t\t\t\t\t\t\t<p>Es ist immer sinnvoll, Ihre Arbeiten in Bildern und ein paar Stichworten zu dokumentieren \u2013 vom Entwurf und die Konstruktion in SmartWOP \u00fcber die 3D-Pr\u00e4sentation bis hin zum fertig aufgestellten oder eingebauten M\u00f6bel. Das hilft Ihnen, neue Kunden zu gewinnen.<\/p><p>Wenn Sie m\u00f6chten, dass Ihre Arbeiten auch auf unserer Website erscheinen, lesen Sie bitte die folgenden Hinweise und f\u00fcllen das Formular weiter unten aus.<\/p><p>Wir freuen uns auf Ihr Einsendungen!<\/p>\t\t\t\t\t\t\t\t<\/div>\n\t\t\t\t<\/div>\n\t\t\t\t<div class=\"elementor-element elementor-element-55096713 exad-sticky-section-no exad-glass-effect-no elementor-widget elementor-widget-text-editor\" data-id=\"55096713\" data-element_type=\"widget\" data-e-type=\"widget\" data-widget_type=\"text-editor.default\">\n\t\t\t\t<div class=\"elementor-widget-container\">\n\t\t\t\t\t\t\t\t\t<ul><li>Die M\u00f6belst\u00fccke m\u00fcssen nat\u00fcrlich <strong>mit SmartWOP erstellt<\/strong> sein<\/li><li>Senden Sie uns <strong>mindestens 3 Bilder:<\/strong> <br \/>1.) SmartWOP-<span style=\"text-decoration: underline;\">Konstruktionsansicht<\/span>, <br \/>2.) SmartWOP <span style=\"text-decoration: underline;\">3D-Darstellung<\/span>, <br \/>3.) <span style=\"text-decoration: underline;\">Fertiges M\u00f6bel<\/span> (Gerne beim Kunden aufgestellt \/ eingebaut, falls eine <strong>Genehmigung<\/strong> vorliegt)<\/li><li>Sie k\u00f6nnen <strong>bis zu 10 Bilder<\/strong> hochladen<\/li><li>Achten Sie bitte bei allen Bildern darauf, dass <strong>um das Motiv herum noch gen\u00fcgend Platz<\/strong> ist, um das Bild einzupassen (Auch bei Screenshots aus SmartWOP)<\/li><li>Bilder im <strong>Querformat<\/strong> sind am besten geeignet<\/li><li>Schreiben Sie eine <strong>kurze Beschreibung<\/strong> zu Aufgabenstellung \/ Kundenwunsch und Umsetzung. Stichworte gen\u00fcgen<\/li><\/ul>\t\t\t\t\t\t\t\t<\/div>\n\t\t\t\t<\/div>\n\t\t<div class=\"elementor-element elementor-element-67e22d6f e-con-full e-transform e-flex e-con e-parent\" data-id=\"67e22d6f\" data-element_type=\"container\" data-e-type=\"container\" data-settings=\"{&quot;background_background&quot;:&quot;classic&quot;,&quot;_transform_skewX_effect&quot;:{&quot;unit&quot;:&quot;px&quot;,&quot;size&quot;:-360,&quot;sizes&quot;:[]},&quot;_transform_skewY_effect&quot;:{&quot;unit&quot;:&quot;px&quot;,&quot;size&quot;:-20.754,&quot;sizes&quot;:[]},&quot;_transform_skewX_effect_widescreen&quot;:{&quot;unit&quot;:&quot;deg&quot;,&quot;size&quot;:&quot;&quot;,&quot;sizes&quot;:[]},&quot;_transform_skewX_effect_laptop&quot;:{&quot;unit&quot;:&quot;deg&quot;,&quot;size&quot;:&quot;&quot;,&quot;sizes&quot;:[]},&quot;_transform_skewX_effect_tablet_extra&quot;:{&quot;unit&quot;:&quot;deg&quot;,&quot;size&quot;:&quot;&quot;,&quot;sizes&quot;:[]},&quot;_transform_skewX_effect_tablet&quot;:{&quot;unit&quot;:&quot;deg&quot;,&quot;size&quot;:&quot;&quot;,&quot;sizes&quot;:[]},&quot;_transform_skewX_effect_mobile&quot;:{&quot;unit&quot;:&quot;deg&quot;,&quot;size&quot;:&quot;&quot;,&quot;sizes&quot;:[]},&quot;_transform_skewY_effect_widescreen&quot;:{&quot;unit&quot;:&quot;deg&quot;,&quot;size&quot;:&quot;&quot;,&quot;sizes&quot;:[]},&quot;_transform_skewY_effect_laptop&quot;:{&quot;unit&quot;:&quot;deg&quot;,&quot;size&quot;:&quot;&quot;,&quot;sizes&quot;:[]},&quot;_transform_skewY_effect_tablet_extra&quot;:{&quot;unit&quot;:&quot;deg&quot;,&quot;size&quot;:&quot;&quot;,&quot;sizes&quot;:[]},&quot;_transform_skewY_effect_tablet&quot;:{&quot;unit&quot;:&quot;deg&quot;,&quot;size&quot;:&quot;&quot;,&quot;sizes&quot;:[]},&quot;_transform_skewY_effect_mobile&quot;:{&quot;unit&quot;:&quot;deg&quot;,&quot;size&quot;:&quot;&quot;,&quot;sizes&quot;:[]}}\">\n\t\t\t\t<\/div>\n\t\t\t\t<div class=\"elementor-element elementor-element-c786bd6 elementor-widget-mobile__width-initial exad-sticky-section-no exad-glass-effect-no elementor-widget elementor-widget-heading\" data-id=\"c786bd6\" data-element_type=\"widget\" data-e-type=\"widget\" data-widget_type=\"heading.default\">\n\t\t\t\t<div class=\"elementor-widget-container\">\n\t\t\t\t\t<h3 class=\"elementor-heading-title elementor-size-default\">Einreichungsformular<\/h3>\t\t\t\t<\/div>\n\t\t\t\t<\/div>\n\t\t<div class=\"elementor-element elementor-element-24ba4ae4 e-flex e-con-boxed e-con e-parent\" data-id=\"24ba4ae4\" data-element_type=\"container\" data-e-type=\"container\" data-settings=\"{&quot;background_background&quot;:&quot;classic&quot;}\">\n\t\t\t\t\t<div class=\"e-con-inner\">\n\t\t\t\t<div class=\"elementor-element elementor-element-7023ab68 elementor-button-align-center elementor-widget__width-inherit exad-sticky-section-no exad-glass-effect-no elementor-widget elementor-widget-form\" data-id=\"7023ab68\" data-element_type=\"widget\" data-e-type=\"widget\" data-settings=\"{&quot;step_next_label&quot;:&quot;N\\u00e4chster&quot;,&quot;step_previous_label&quot;:&quot;Voriger&quot;,&quot;step_type&quot;:&quot;number_text&quot;,&quot;step_icon_shape&quot;:&quot;circle&quot;}\" data-widget_type=\"form.default\">\n\t\t\t\t<div class=\"elementor-widget-container\">\n\t\t\t\t\t\t\t<form class=\"elementor-form\" method=\"post\" name=\"Neues Formular\" aria-label=\"Neues Formular\">\n\t\t\t<input type=\"hidden\" name=\"post_id\" value=\"6953\"\/>\n\t\t\t<input type=\"hidden\" name=\"form_id\" value=\"7023ab68\"\/>\n\t\t\t<input type=\"hidden\" name=\"referer_title\" value=\"Tibek CNC-Technik &#8211; Macher von SmartWOP\" \/>\n\n\t\t\t\n\t\t\t<div class=\"elementor-form-fields-wrapper elementor-labels-above\">\n\t\t\t\t\t\t\t\t<div class=\"elementor-field-type-select elementor-field-group elementor-column elementor-field-group-field_e41c7ce elementor-col-20\">\n\t\t\t\t\t\t\t\t\t\t\t\t<label for=\"form-field-field_e41c7ce\" class=\"elementor-field-label\">\n\t\t\t\t\t\t\t\tAnrede\t\t\t\t\t\t\t<\/label>\n\t\t\t\t\t\t\t\t<div class=\"elementor-field elementor-select-wrapper remove-before \">\n\t\t\t<div class=\"select-caret-down-wrapper\">\n\t\t\t\t<svg aria-hidden=\"true\" class=\"e-font-icon-svg e-eicon-caret-down\" viewBox=\"0 0 571.4 571.4\" xmlns=\"http:\/\/www.w3.org\/2000\/svg\"><path d=\"M571 393Q571 407 561 418L311 668Q300 679 286 679T261 668L11 418Q0 407 0 393T11 368 36 357H536Q550 357 561 368T571 393Z\"><\/path><\/svg>\t\t\t<\/div>\n\t\t\t<select name=\"form_fields[field_e41c7ce]\" id=\"form-field-field_e41c7ce\" class=\"elementor-field-textual elementor-size-sm\">\n\t\t\t\t\t\t\t\t\t<option value=\"Herr\">Herr<\/option>\n\t\t\t\t\t\t\t\t\t<option value=\"Frau\">Frau<\/option>\n\t\t\t\t\t\t\t\t\t<option value=\"Keine Angabe\">Keine Angabe<\/option>\n\t\t\t\t\t\t\t<\/select>\n\t\t<\/div>\n\t\t\t\t\t\t<\/div>\n\t\t\t\t\t\t\t\t<div class=\"elementor-field-type-text elementor-field-group elementor-column elementor-field-group-field_42471bc elementor-col-30 elementor-field-required elementor-mark-required\">\n\t\t\t\t\t\t\t\t\t\t\t\t<label for=\"form-field-field_42471bc\" class=\"elementor-field-label\">\n\t\t\t\t\t\t\t\tVorname\t\t\t\t\t\t\t<\/label>\n\t\t\t\t\t\t\t\t\t\t\t\t\t\t<input size=\"1\" type=\"text\" name=\"form_fields[field_42471bc]\" id=\"form-field-field_42471bc\" class=\"elementor-field elementor-size-sm  elementor-field-textual\" required=\"required\">\n\t\t\t\t\t\t\t\t\t\t\t<\/div>\n\t\t\t\t\t\t\t\t<div class=\"elementor-field-type-text elementor-field-group elementor-column elementor-field-group-name elementor-col-50 elementor-field-required elementor-mark-required\">\n\t\t\t\t\t\t\t\t\t\t\t\t<label for=\"form-field-name\" class=\"elementor-field-label\">\n\t\t\t\t\t\t\t\tNachname\t\t\t\t\t\t\t<\/label>\n\t\t\t\t\t\t\t\t\t\t\t\t\t\t<input size=\"1\" type=\"text\" name=\"form_fields[name]\" id=\"form-field-name\" class=\"elementor-field elementor-size-sm  elementor-field-textual\" required=\"required\">\n\t\t\t\t\t\t\t\t\t\t\t<\/div>\n\t\t\t\t\t\t\t\t<div class=\"elementor-field-type-text elementor-field-group elementor-column elementor-field-group-field_4b97fc3 elementor-col-100 elementor-field-required elementor-mark-required\">\n\t\t\t\t\t\t\t\t\t\t\t\t<label for=\"form-field-field_4b97fc3\" class=\"elementor-field-label\">\n\t\t\t\t\t\t\t\tFirma\t\t\t\t\t\t\t<\/label>\n\t\t\t\t\t\t\t\t\t\t\t\t\t\t<input size=\"1\" type=\"text\" name=\"form_fields[field_4b97fc3]\" id=\"form-field-field_4b97fc3\" class=\"elementor-field elementor-size-sm  elementor-field-textual\" required=\"required\">\n\t\t\t\t\t\t\t\t\t\t\t<\/div>\n\t\t\t\t\t\t\t\t<div class=\"elementor-field-type-text elementor-field-group elementor-column elementor-field-group-field_ad51ab4 elementor-col-100 elementor-field-required elementor-mark-required\">\n\t\t\t\t\t\t\t\t\t\t\t\t<label for=\"form-field-field_ad51ab4\" class=\"elementor-field-label\">\n\t\t\t\t\t\t\t\tAnschrift\t\t\t\t\t\t\t<\/label>\n\t\t\t\t\t\t\t\t\t\t\t\t\t\t<input size=\"1\" type=\"text\" name=\"form_fields[field_ad51ab4]\" id=\"form-field-field_ad51ab4\" class=\"elementor-field elementor-size-sm  elementor-field-textual\" placeholder=\"PLZ Ort, Stra\u00dfe Hausnummer, Land\" required=\"required\">\n\t\t\t\t\t\t\t\t\t\t\t<\/div>\n\t\t\t\t\t\t\t\t<div class=\"elementor-field-type-text elementor-field-group elementor-column elementor-field-group-field_00bccbc elementor-col-50 elementor-field-required elementor-mark-required\">\n\t\t\t\t\t\t\t\t\t\t\t\t<label for=\"form-field-field_00bccbc\" class=\"elementor-field-label\">\n\t\t\t\t\t\t\t\tWeb-Adresse\t\t\t\t\t\t\t<\/label>\n\t\t\t\t\t\t\t\t\t\t\t\t\t\t<input size=\"1\" type=\"text\" name=\"form_fields[field_00bccbc]\" id=\"form-field-field_00bccbc\" class=\"elementor-field elementor-size-sm  elementor-field-textual\" required=\"required\">\n\t\t\t\t\t\t\t\t\t\t\t<\/div>\n\t\t\t\t\t\t\t\t<div class=\"elementor-field-type-email elementor-field-group elementor-column elementor-field-group-email elementor-col-50 elementor-field-required elementor-mark-required\">\n\t\t\t\t\t\t\t\t\t\t\t\t<label for=\"form-field-email\" class=\"elementor-field-label\">\n\t\t\t\t\t\t\t\tE-Mail\t\t\t\t\t\t\t<\/label>\n\t\t\t\t\t\t\t\t\t\t\t\t\t\t<input size=\"1\" type=\"email\" name=\"form_fields[email]\" id=\"form-field-email\" class=\"elementor-field elementor-size-sm  elementor-field-textual\" required=\"required\">\n\t\t\t\t\t\t\t\t\t\t\t<\/div>\n\t\t\t\t\t\t\t\t<div class=\"elementor-field-type-textarea elementor-field-group elementor-column elementor-field-group-message elementor-col-100 elementor-field-required elementor-mark-required\">\n\t\t\t\t\t\t\t\t\t\t\t\t<label for=\"form-field-message\" class=\"elementor-field-label\">\n\t\t\t\t\t\t\t\tProjektbeschreibung\t\t\t\t\t\t\t<\/label>\n\t\t\t\t\t\t<textarea class=\"elementor-field-textual elementor-field  elementor-size-sm\" name=\"form_fields[message]\" id=\"form-field-message\" rows=\"4\" placeholder=\"Kurze Beschreibung oder Stichworte\" required=\"required\"><\/textarea>\t\t\t\t<\/div>\n\t\t\t\t\t\t\t\t<div class=\"elementor-field-type-upload elementor-field-group elementor-column elementor-field-group-field_41efdf9 elementor-col-100 elementor-field-required elementor-mark-required\">\n\t\t\t\t\t\t\t\t\t\t\t\t<label for=\"form-field-field_41efdf9\" class=\"elementor-field-label\">\n\t\t\t\t\t\t\t\tLaden Sie hier 3 bis 10 Bilder hoch (jpg, gif, png, pdf \u2013 maximal 30 MB)\t\t\t\t\t\t\t<\/label>\n\t\t\t\t\t\t\t\t<input type=\"file\" name=\"form_fields[field_41efdf9][]\" id=\"form-field-field_41efdf9\" class=\"elementor-field elementor-size-sm  elementor-upload-field\" required=\"required\" multiple=\"multiple\" data-maxsize=\"30\" data-maxsize-message=\"Diese Datei \u00fcbersteigt die maximale Dateigr\u00f6\u00dfe.\">\n\n\t\t\t\t\t\t<\/div>\n\t\t\t\t\t\t\t\t<div class=\"elementor-field-type-acceptance elementor-field-group elementor-column elementor-field-group-field_17c2abb elementor-col-100 elementor-field-required elementor-mark-required\">\n\t\t\t\t\t\t\t<div class=\"elementor-field-subgroup\">\n\t\t\t<span class=\"elementor-field-option\">\n\t\t\t\t<input type=\"checkbox\" name=\"form_fields[field_17c2abb]\" id=\"form-field-field_17c2abb\" class=\"elementor-field elementor-size-sm  elementor-acceptance-field\" required=\"required\">\n\t\t\t\t<label for=\"form-field-field_17c2abb\">Ich bin berechtigt, dieses Projekt mit allen Daten einzureichen und damit einverstanden, dass die Informationen auf der Tibek-Website ver\u00f6ffentlicht werden. Eventuell notwendige Genehmigungen (vom Kunden) liegen mir vor. Weitergehende Rechte \u00fcbertrage ich hiermit nicht. Die <a href=\"https:\/\/tibek-cnc-technik.de\/de\/datenschutz\/\">Datenschutzerkl\u00e4rung<\/a> habe ich gelesen und bin damit einverstanden.<\/label>\t\t\t<\/span>\n\t\t<\/div>\n\t\t\t\t\t\t<\/div>\n\t\t\t\t\t\t\t\t<div class=\"elementor-field-group elementor-column elementor-field-type-submit elementor-col-100 e-form__buttons\">\n\t\t\t\t\t<button class=\"elementor-button elementor-size-sm\" type=\"submit\">\n\t\t\t\t\t\t<span class=\"elementor-button-content-wrapper\">\n\t\t\t\t\t\t\t\t\t\t\t\t\t\t\t\t\t\t\t\t\t\t<span class=\"elementor-button-text\">Projekt jetzt einreichen<\/span>\n\t\t\t\t\t\t\t\t\t\t\t\t\t<\/span>\n\t\t\t\t\t<\/button>\n\t\t\t\t<\/div>\n\t\t\t<\/div>\n\t\t<\/form>\n\t\t\t\t\t\t<\/div>\n\t\t\t\t<\/div>\n\t\t\t\t\t<\/div>\n\t\t\t\t<\/div>\n\t\t\t\t\t<\/div>\n\t\t\t\t<\/div>\n\t\t\t\t<\/div>\n\t\t","protected":false},"excerpt":{"rendered":"<p>Sie m\u00f6chten Ihre M\u00f6belkreationen auch auf unserer Website pr\u00e4sentieren? So wird&#8217;s gemacht: Es ist immer sinnvoll, Ihre Arbeiten in Bildern und ein paar Stichworten zu dokumentieren \u2013 vom Entwurf und die Konstruktion in SmartWOP \u00fcber die 3D-Pr\u00e4sentation bis hin zum fertig aufgestellten oder eingebauten M\u00f6bel. Das hilft Ihnen, neue Kunden zu gewinnen. Wenn Sie m\u00f6chten, [&hellip;]<\/p>\n","protected":false},"author":2,"featured_media":0,"parent":0,"menu_order":0,"comment_status":"closed","ping_status":"closed","template":"","meta":{"inline_featured_image":false,"footnotes":""},"class_list":["post-6953","page","type-page","status-publish","hentry"],"yoast_head":"<!-- This site is optimized with the Yoast SEO plugin v27.3 - https:\/\/yoast.com\/product\/yoast-seo-wordpress\/ -->\n<title>Kundenprojekt-Informationen - Tibek CNC-Technik - Macher von SmartWOP<\/title>\n<meta name=\"robots\" content=\"index, follow, max-snippet:-1, max-image-preview:large, max-video-preview:-1\" \/>\n<link rel=\"canonical\" href=\"https:\/\/tibek-cnc-technik.de\/en\/customer-project-information\/\" \/>\n<meta property=\"og:locale\" content=\"en_GB\" \/>\n<meta property=\"og:type\" content=\"article\" \/>\n<meta property=\"og:title\" content=\"Kundenprojekt-Informationen - Tibek CNC-Technik - Macher von SmartWOP\" \/>\n<meta property=\"og:description\" content=\"Sie m\u00f6chten Ihre M\u00f6belkreationen auch auf unserer Website pr\u00e4sentieren? So wird&#8217;s gemacht: Es ist immer sinnvoll, Ihre Arbeiten in Bildern und ein paar Stichworten zu dokumentieren \u2013 vom Entwurf und die Konstruktion in SmartWOP \u00fcber die 3D-Pr\u00e4sentation bis hin zum fertig aufgestellten oder eingebauten M\u00f6bel. Das hilft Ihnen, neue Kunden zu gewinnen. Wenn Sie m\u00f6chten, [&hellip;]\" \/>\n<meta property=\"og:url\" content=\"https:\/\/tibek-cnc-technik.de\/en\/customer-project-information\/\" \/>\n<meta property=\"og:site_name\" content=\"Tibek CNC-Technik - Macher von SmartWOP\" \/>\n<meta property=\"article:modified_time\" content=\"2023-05-12T19:22:31+00:00\" \/>\n<meta name=\"twitter:card\" content=\"summary_large_image\" \/>\n<meta name=\"twitter:label1\" content=\"Estimated reading time\" \/>\n\t<meta name=\"twitter:data1\" content=\"1 minute\" \/>\n<script type=\"application\/ld+json\" class=\"yoast-schema-graph\">{\"@context\":\"https:\\\/\\\/schema.org\",\"@graph\":[{\"@type\":\"WebPage\",\"@id\":\"https:\\\/\\\/tibek-cnc-technik.de\\\/kundenprojekt-informationen\\\/\",\"url\":\"https:\\\/\\\/tibek-cnc-technik.de\\\/kundenprojekt-informationen\\\/\",\"name\":\"Kundenprojekt-Informationen - Tibek CNC-Technik - Macher von SmartWOP\",\"isPartOf\":{\"@id\":\"https:\\\/\\\/tibek-cnc-technik.de\\\/#website\"},\"datePublished\":\"2023-04-24T14:08:44+00:00\",\"dateModified\":\"2023-05-12T19:22:31+00:00\",\"breadcrumb\":{\"@id\":\"https:\\\/\\\/tibek-cnc-technik.de\\\/kundenprojekt-informationen\\\/#breadcrumb\"},\"inLanguage\":\"en-GB\",\"potentialAction\":[{\"@type\":\"ReadAction\",\"target\":[\"https:\\\/\\\/tibek-cnc-technik.de\\\/kundenprojekt-informationen\\\/\"]}]},{\"@type\":\"BreadcrumbList\",\"@id\":\"https:\\\/\\\/tibek-cnc-technik.de\\\/kundenprojekt-informationen\\\/#breadcrumb\",\"itemListElement\":[{\"@type\":\"ListItem\",\"position\":1,\"name\":\"Startseite\",\"item\":\"https:\\\/\\\/tibek-cnc-technik.de\\\/\"},{\"@type\":\"ListItem\",\"position\":2,\"name\":\"Kundenprojekt-Informationen\"}]},{\"@type\":\"WebSite\",\"@id\":\"https:\\\/\\\/tibek-cnc-technik.de\\\/#website\",\"url\":\"https:\\\/\\\/tibek-cnc-technik.de\\\/\",\"name\":\"Tibek CNC-Technik - Macher von SmartWOP\",\"description\":\"Die Drag-and-Drop-3D-Konstruktionssoftware f\u00fcr Schreiner und Tischler\",\"publisher\":{\"@id\":\"https:\\\/\\\/tibek-cnc-technik.de\\\/#organization\"},\"potentialAction\":[{\"@type\":\"SearchAction\",\"target\":{\"@type\":\"EntryPoint\",\"urlTemplate\":\"https:\\\/\\\/tibek-cnc-technik.de\\\/?s={search_term_string}\"},\"query-input\":{\"@type\":\"PropertyValueSpecification\",\"valueRequired\":true,\"valueName\":\"search_term_string\"}}],\"inLanguage\":\"en-GB\"},{\"@type\":\"Organization\",\"@id\":\"https:\\\/\\\/tibek-cnc-technik.de\\\/#organization\",\"name\":\"Tibek CNC-Technik - Macher von SmartWOP\",\"url\":\"https:\\\/\\\/tibek-cnc-technik.de\\\/\",\"logo\":{\"@type\":\"ImageObject\",\"inLanguage\":\"en-GB\",\"@id\":\"https:\\\/\\\/tibek-cnc-technik.de\\\/#\\\/schema\\\/logo\\\/image\\\/\",\"url\":\"https:\\\/\\\/tibek-cnc-technik.de\\\/wp-content\\\/uploads\\\/2023\\\/02\\\/Tibek-Logo-mit-Unterzeile-2018-RGB-1.svg\",\"contentUrl\":\"https:\\\/\\\/tibek-cnc-technik.de\\\/wp-content\\\/uploads\\\/2023\\\/02\\\/Tibek-Logo-mit-Unterzeile-2018-RGB-1.svg\",\"width\":133,\"height\":48,\"caption\":\"Tibek CNC-Technik - Macher von SmartWOP\"},\"image\":{\"@id\":\"https:\\\/\\\/tibek-cnc-technik.de\\\/#\\\/schema\\\/logo\\\/image\\\/\"}}]}<\/script>\n<!-- \/ Yoast SEO plugin. -->","yoast_head_json":{"title":"Customer project information - Tibek CNC-Technik - Makers of SmartWOP","robots":{"index":"index","follow":"follow","max-snippet":"max-snippet:-1","max-image-preview":"max-image-preview:large","max-video-preview":"max-video-preview:-1"},"canonical":"https:\/\/tibek-cnc-technik.de\/en\/customer-project-information\/","og_locale":"en_GB","og_type":"article","og_title":"Kundenprojekt-Informationen - Tibek CNC-Technik - Macher von SmartWOP","og_description":"Sie m\u00f6chten Ihre M\u00f6belkreationen auch auf unserer Website pr\u00e4sentieren? So wird&#8217;s gemacht: Es ist immer sinnvoll, Ihre Arbeiten in Bildern und ein paar Stichworten zu dokumentieren \u2013 vom Entwurf und die Konstruktion in SmartWOP \u00fcber die 3D-Pr\u00e4sentation bis hin zum fertig aufgestellten oder eingebauten M\u00f6bel. Das hilft Ihnen, neue Kunden zu gewinnen. Wenn Sie m\u00f6chten, [&hellip;]","og_url":"https:\/\/tibek-cnc-technik.de\/en\/customer-project-information\/","og_site_name":"Tibek CNC-Technik - Macher von SmartWOP","article_modified_time":"2023-05-12T19:22:31+00:00","twitter_card":"summary_large_image","twitter_misc":{"Estimated reading time":"1 minute"},"schema":{"@context":"https:\/\/schema.org","@graph":[{"@type":"WebPage","@id":"https:\/\/tibek-cnc-technik.de\/kundenprojekt-informationen\/","url":"https:\/\/tibek-cnc-technik.de\/kundenprojekt-informationen\/","name":"Customer project information - Tibek CNC-Technik - Makers of SmartWOP","isPartOf":{"@id":"https:\/\/tibek-cnc-technik.de\/#website"},"datePublished":"2023-04-24T14:08:44+00:00","dateModified":"2023-05-12T19:22:31+00:00","breadcrumb":{"@id":"https:\/\/tibek-cnc-technik.de\/kundenprojekt-informationen\/#breadcrumb"},"inLanguage":"en-GB","potentialAction":[{"@type":"ReadAction","target":["https:\/\/tibek-cnc-technik.de\/kundenprojekt-informationen\/"]}]},{"@type":"BreadcrumbList","@id":"https:\/\/tibek-cnc-technik.de\/kundenprojekt-informationen\/#breadcrumb","itemListElement":[{"@type":"ListItem","position":1,"name":"Startseite","item":"https:\/\/tibek-cnc-technik.de\/"},{"@type":"ListItem","position":2,"name":"Kundenprojekt-Informationen"}]},{"@type":"WebSite","@id":"https:\/\/tibek-cnc-technik.de\/#website","url":"https:\/\/tibek-cnc-technik.de\/","name":"Tibek CNC technology - creators of SmartWOP","description":"The drag-and-drop 3D design software for joiners and carpenters","publisher":{"@id":"https:\/\/tibek-cnc-technik.de\/#organization"},"potentialAction":[{"@type":"SearchAction","target":{"@type":"EntryPoint","urlTemplate":"https:\/\/tibek-cnc-technik.de\/?s={search_term_string}"},"query-input":{"@type":"PropertyValueSpecification","valueRequired":true,"valueName":"search_term_string"}}],"inLanguage":"en-GB"},{"@type":"Organization","@id":"https:\/\/tibek-cnc-technik.de\/#organization","name":"Tibek CNC technology - creators of SmartWOP","url":"https:\/\/tibek-cnc-technik.de\/","logo":{"@type":"ImageObject","inLanguage":"en-GB","@id":"https:\/\/tibek-cnc-technik.de\/#\/schema\/logo\/image\/","url":"https:\/\/tibek-cnc-technik.de\/wp-content\/uploads\/2023\/02\/Tibek-Logo-mit-Unterzeile-2018-RGB-1.svg","contentUrl":"https:\/\/tibek-cnc-technik.de\/wp-content\/uploads\/2023\/02\/Tibek-Logo-mit-Unterzeile-2018-RGB-1.svg","width":133,"height":48,"caption":"Tibek CNC-Technik - Macher von SmartWOP"},"image":{"@id":"https:\/\/tibek-cnc-technik.de\/#\/schema\/logo\/image\/"}}]}},"_links":{"self":[{"href":"https:\/\/tibek-cnc-technik.de\/en\/wp-json\/wp\/v2\/pages\/6953","targetHints":{"allow":["GET"]}}],"collection":[{"href":"https:\/\/tibek-cnc-technik.de\/en\/wp-json\/wp\/v2\/pages"}],"about":[{"href":"https:\/\/tibek-cnc-technik.de\/en\/wp-json\/wp\/v2\/types\/page"}],"author":[{"embeddable":true,"href":"https:\/\/tibek-cnc-technik.de\/en\/wp-json\/wp\/v2\/users\/2"}],"replies":[{"embeddable":true,"href":"https:\/\/tibek-cnc-technik.de\/en\/wp-json\/wp\/v2\/comments?post=6953"}],"version-history":[{"count":127,"href":"https:\/\/tibek-cnc-technik.de\/en\/wp-json\/wp\/v2\/pages\/6953\/revisions"}],"predecessor-version":[{"id":10797,"href":"https:\/\/tibek-cnc-technik.de\/en\/wp-json\/wp\/v2\/pages\/6953\/revisions\/10797"}],"wp:attachment":[{"href":"https:\/\/tibek-cnc-technik.de\/en\/wp-json\/wp\/v2\/media?parent=6953"}],"curies":[{"name":"wp","href":"https:\/\/api.w.org\/{rel}","templated":true}]}}