{"id":6545,"date":"2023-04-22T18:36:40","date_gmt":"2023-04-22T16:36:40","guid":{"rendered":"https:\/\/smtwp.medienfabrikant.de\/?page_id=6545"},"modified":"2025-10-13T13:51:22","modified_gmt":"2025-10-13T11:51:22","slug":"the-float-option","status":"publish","type":"page","link":"https:\/\/tibek-cnc-technik.de\/en\/die-float-option\/","title":{"rendered":"The float option"},"content":{"rendered":"<div data-elementor-type=\"wp-page\" data-elementor-id=\"6545\" class=\"elementor elementor-6545\" data-elementor-post-type=\"page\">\n\t\t\t\t<div class=\"elementor-element elementor-element-3137402a e-flex e-con-boxed e-con e-parent\" data-id=\"3137402a\" data-element_type=\"container\" data-e-type=\"container\" data-settings=\"{&quot;background_background&quot;:&quot;classic&quot;}\">\n\t\t\t\t\t<div class=\"e-con-inner\">\n\t\t<div class=\"elementor-element elementor-element-4fad7ae9 e-flex e-con-boxed e-con e-child\" data-id=\"4fad7ae9\" data-element_type=\"container\" data-e-type=\"container\" data-settings=\"{&quot;background_background&quot;:&quot;classic&quot;}\">\n\t\t\t\t\t<div class=\"e-con-inner\">\n\t\t<div class=\"elementor-element elementor-element-31c77ce2 e-con-full e-flex e-con e-child\" data-id=\"31c77ce2\" data-element_type=\"container\" data-e-type=\"container\" data-settings=\"{&quot;background_background&quot;:&quot;classic&quot;}\">\n\t\t\t\t<div class=\"elementor-element elementor-element-7347b8ed exad-sticky-section-no exad-glass-effect-no elementor-widget elementor-widget-heading\" data-id=\"7347b8ed\" data-element_type=\"widget\" data-e-type=\"widget\" data-widget_type=\"heading.default\">\n\t\t\t\t<div class=\"elementor-widget-container\">\n\t\t\t\t\t<h2 class=\"elementor-heading-title elementor-size-default\">Use SmartWOP wherever you want \u2013 no problem with the float option<\/h2>\t\t\t\t<\/div>\n\t\t\t\t<\/div>\n\t\t<div class=\"elementor-element elementor-element-67c15f8d e-flex e-con-boxed e-con e-child\" data-id=\"67c15f8d\" data-element_type=\"container\" data-e-type=\"container\">\n\t\t\t\t\t<div class=\"e-con-inner\">\n\t\t<div class=\"elementor-element elementor-element-4f75d341 e-flex e-con-boxed e-con e-child\" data-id=\"4f75d341\" data-element_type=\"container\" data-e-type=\"container\">\n\t\t\t\t\t<div class=\"e-con-inner\">\n\t\t\t\t<div class=\"elementor-element elementor-element-3c144763 exad-sticky-section-no exad-glass-effect-no elementor-widget elementor-widget-text-editor\" data-id=\"3c144763\" data-element_type=\"widget\" data-e-type=\"widget\" data-widget_type=\"text-editor.default\">\n\t\t\t\t<div class=\"elementor-widget-container\">\n\t\t\t\t\t\t\t\t\t<p>The float option is an addition to an existing SmartWOP license and includes a license dongle. This remains stationary and is tied to your network. <br \/>An example: 2 designers working in 2-shift operation can install SmartWOP on any number of PCs and notebooks in the company and only need one licence with float option in total, as they do not use the software at the same time. While the first designer works with SmartWOP at work, the second designer cannot use SmartWOP at home or when travelling.<\/p>\t\t\t\t\t\t\t\t<\/div>\n\t\t\t\t<\/div>\n\t\t\t\t\t<\/div>\n\t\t\t\t<\/div>\n\t\t\t\t\t<\/div>\n\t\t\t\t<\/div>\n\t\t\t\t<\/div>\n\t\t<div class=\"elementor-element elementor-element-38564a4c e-con-full e-transform e-flex e-con e-child\" data-id=\"38564a4c\" data-element_type=\"container\" data-e-type=\"container\" data-settings=\"{&quot;background_background&quot;:&quot;classic&quot;,&quot;_transform_skewX_effect&quot;:{&quot;unit&quot;:&quot;px&quot;,&quot;size&quot;:-360,&quot;sizes&quot;:[]},&quot;_transform_skewY_effect&quot;:{&quot;unit&quot;:&quot;px&quot;,&quot;size&quot;:-20.754,&quot;sizes&quot;:[]},&quot;_transform_skewX_effect_widescreen&quot;:{&quot;unit&quot;:&quot;deg&quot;,&quot;size&quot;:&quot;&quot;,&quot;sizes&quot;:[]},&quot;_transform_skewX_effect_laptop&quot;:{&quot;unit&quot;:&quot;deg&quot;,&quot;size&quot;:&quot;&quot;,&quot;sizes&quot;:[]},&quot;_transform_skewX_effect_tablet_extra&quot;:{&quot;unit&quot;:&quot;deg&quot;,&quot;size&quot;:&quot;&quot;,&quot;sizes&quot;:[]},&quot;_transform_skewX_effect_tablet&quot;:{&quot;unit&quot;:&quot;deg&quot;,&quot;size&quot;:&quot;&quot;,&quot;sizes&quot;:[]},&quot;_transform_skewX_effect_mobile&quot;:{&quot;unit&quot;:&quot;deg&quot;,&quot;size&quot;:&quot;&quot;,&quot;sizes&quot;:[]},&quot;_transform_skewY_effect_widescreen&quot;:{&quot;unit&quot;:&quot;deg&quot;,&quot;size&quot;:&quot;&quot;,&quot;sizes&quot;:[]},&quot;_transform_skewY_effect_laptop&quot;:{&quot;unit&quot;:&quot;deg&quot;,&quot;size&quot;:&quot;&quot;,&quot;sizes&quot;:[]},&quot;_transform_skewY_effect_tablet_extra&quot;:{&quot;unit&quot;:&quot;deg&quot;,&quot;size&quot;:&quot;&quot;,&quot;sizes&quot;:[]},&quot;_transform_skewY_effect_tablet&quot;:{&quot;unit&quot;:&quot;deg&quot;,&quot;size&quot;:&quot;&quot;,&quot;sizes&quot;:[]},&quot;_transform_skewY_effect_mobile&quot;:{&quot;unit&quot;:&quot;deg&quot;,&quot;size&quot;:&quot;&quot;,&quot;sizes&quot;:[]}}\">\n\t\t\t\t<\/div>\n\t\t\t\t\t<\/div>\n\t\t\t\t<\/div>\n\t\t\t\t\t<\/div>\n\t\t\t\t<\/div>\n\t\t\t\t<\/div>","protected":false},"excerpt":{"rendered":"<p>SmartWOP nutzen, wo Sie wollen \u2013 mit der Float-Option kein Problem Die Float-Option ist eine Erg\u00e4nzung zu einer vorhandenen SmartWOP-Lizenz und beinhaltet einen Lizenz-Dongle. Dieser bleibt station\u00e4r und ist an Ihr Netzwerk gebunden. Ein Beispiel: 2 Konstrukteure, die im 2-Schicht-Betrieb arbeiten, k\u00f6nnen SmartWOP auf beliebig vielen PCs und Notebooks im Betrieb installieren und ben\u00f6tigen insgesamt [&hellip;]<\/p>\n","protected":false},"author":2,"featured_media":0,"parent":0,"menu_order":0,"comment_status":"closed","ping_status":"closed","template":"","meta":{"inline_featured_image":false,"footnotes":""},"class_list":["post-6545","page","type-page","status-publish","hentry"],"yoast_head":"<!-- This site is optimized with the Yoast SEO plugin v27.3 - https:\/\/yoast.com\/product\/yoast-seo-wordpress\/ -->\n<title>Die Float-Option - Tibek CNC-Technik - Macher von SmartWOP<\/title>\n<meta name=\"robots\" content=\"index, follow, max-snippet:-1, max-image-preview:large, max-video-preview:-1\" \/>\n<link rel=\"canonical\" href=\"https:\/\/tibek-cnc-technik.de\/en\/the-float-option\/\" \/>\n<meta property=\"og:locale\" content=\"en_GB\" \/>\n<meta property=\"og:type\" content=\"article\" \/>\n<meta property=\"og:title\" content=\"Die Float-Option - Tibek CNC-Technik - Macher von SmartWOP\" \/>\n<meta property=\"og:description\" content=\"SmartWOP nutzen, wo Sie wollen \u2013 mit der Float-Option kein Problem Die Float-Option ist eine Erg\u00e4nzung zu einer vorhandenen SmartWOP-Lizenz und beinhaltet einen Lizenz-Dongle. Dieser bleibt station\u00e4r und ist an Ihr Netzwerk gebunden. Ein Beispiel: 2 Konstrukteure, die im 2-Schicht-Betrieb arbeiten, k\u00f6nnen SmartWOP auf beliebig vielen PCs und Notebooks im Betrieb installieren und ben\u00f6tigen insgesamt [&hellip;]\" \/>\n<meta property=\"og:url\" content=\"https:\/\/tibek-cnc-technik.de\/en\/the-float-option\/\" \/>\n<meta property=\"og:site_name\" content=\"Tibek CNC-Technik - Macher von SmartWOP\" \/>\n<meta property=\"article:modified_time\" content=\"2025-10-13T11:51:22+00:00\" \/>\n<meta name=\"twitter:card\" content=\"summary_large_image\" \/>\n<meta name=\"twitter:label1\" content=\"Estimated reading time\" \/>\n\t<meta name=\"twitter:data1\" content=\"1 minute\" \/>\n<script type=\"application\/ld+json\" class=\"yoast-schema-graph\">{\"@context\":\"https:\\\/\\\/schema.org\",\"@graph\":[{\"@type\":\"WebPage\",\"@id\":\"https:\\\/\\\/tibek-cnc-technik.de\\\/de\\\/die-float-option\\\/\",\"url\":\"https:\\\/\\\/tibek-cnc-technik.de\\\/de\\\/die-float-option\\\/\",\"name\":\"Die Float-Option - Tibek CNC-Technik - Macher von SmartWOP\",\"isPartOf\":{\"@id\":\"https:\\\/\\\/tibek-cnc-technik.de\\\/#website\"},\"datePublished\":\"2023-04-22T16:36:40+00:00\",\"dateModified\":\"2025-10-13T11:51:22+00:00\",\"breadcrumb\":{\"@id\":\"https:\\\/\\\/tibek-cnc-technik.de\\\/de\\\/die-float-option\\\/#breadcrumb\"},\"inLanguage\":\"en-GB\",\"potentialAction\":[{\"@type\":\"ReadAction\",\"target\":[\"https:\\\/\\\/tibek-cnc-technik.de\\\/de\\\/die-float-option\\\/\"]}]},{\"@type\":\"BreadcrumbList\",\"@id\":\"https:\\\/\\\/tibek-cnc-technik.de\\\/de\\\/die-float-option\\\/#breadcrumb\",\"itemListElement\":[{\"@type\":\"ListItem\",\"position\":1,\"name\":\"Startseite\",\"item\":\"https:\\\/\\\/tibek-cnc-technik.de\\\/\"},{\"@type\":\"ListItem\",\"position\":2,\"name\":\"Die Float-Option\"}]},{\"@type\":\"WebSite\",\"@id\":\"https:\\\/\\\/tibek-cnc-technik.de\\\/#website\",\"url\":\"https:\\\/\\\/tibek-cnc-technik.de\\\/\",\"name\":\"Tibek CNC-Technik - Macher von SmartWOP\",\"description\":\"Die Drag-and-Drop-3D-Konstruktionssoftware f\u00fcr Schreiner und Tischler\",\"publisher\":{\"@id\":\"https:\\\/\\\/tibek-cnc-technik.de\\\/#organization\"},\"potentialAction\":[{\"@type\":\"SearchAction\",\"target\":{\"@type\":\"EntryPoint\",\"urlTemplate\":\"https:\\\/\\\/tibek-cnc-technik.de\\\/?s={search_term_string}\"},\"query-input\":{\"@type\":\"PropertyValueSpecification\",\"valueRequired\":true,\"valueName\":\"search_term_string\"}}],\"inLanguage\":\"en-GB\"},{\"@type\":\"Organization\",\"@id\":\"https:\\\/\\\/tibek-cnc-technik.de\\\/#organization\",\"name\":\"Tibek CNC-Technik - Macher von SmartWOP\",\"url\":\"https:\\\/\\\/tibek-cnc-technik.de\\\/\",\"logo\":{\"@type\":\"ImageObject\",\"inLanguage\":\"en-GB\",\"@id\":\"https:\\\/\\\/tibek-cnc-technik.de\\\/#\\\/schema\\\/logo\\\/image\\\/\",\"url\":\"https:\\\/\\\/tibek-cnc-technik.de\\\/wp-content\\\/uploads\\\/2023\\\/02\\\/Tibek-Logo-mit-Unterzeile-2018-RGB-1.svg\",\"contentUrl\":\"https:\\\/\\\/tibek-cnc-technik.de\\\/wp-content\\\/uploads\\\/2023\\\/02\\\/Tibek-Logo-mit-Unterzeile-2018-RGB-1.svg\",\"width\":133,\"height\":48,\"caption\":\"Tibek CNC-Technik - Macher von SmartWOP\"},\"image\":{\"@id\":\"https:\\\/\\\/tibek-cnc-technik.de\\\/#\\\/schema\\\/logo\\\/image\\\/\"}}]}<\/script>\n<!-- \/ Yoast SEO plugin. -->","yoast_head_json":{"title":"The Float Option - Tibek CNC-Technik - Makers of SmartWOP","robots":{"index":"index","follow":"follow","max-snippet":"max-snippet:-1","max-image-preview":"max-image-preview:large","max-video-preview":"max-video-preview:-1"},"canonical":"https:\/\/tibek-cnc-technik.de\/en\/the-float-option\/","og_locale":"en_GB","og_type":"article","og_title":"Die Float-Option - Tibek CNC-Technik - Macher von SmartWOP","og_description":"SmartWOP nutzen, wo Sie wollen \u2013 mit der Float-Option kein Problem Die Float-Option ist eine Erg\u00e4nzung zu einer vorhandenen SmartWOP-Lizenz und beinhaltet einen Lizenz-Dongle. Dieser bleibt station\u00e4r und ist an Ihr Netzwerk gebunden. Ein Beispiel: 2 Konstrukteure, die im 2-Schicht-Betrieb arbeiten, k\u00f6nnen SmartWOP auf beliebig vielen PCs und Notebooks im Betrieb installieren und ben\u00f6tigen insgesamt [&hellip;]","og_url":"https:\/\/tibek-cnc-technik.de\/en\/the-float-option\/","og_site_name":"Tibek CNC-Technik - Macher von SmartWOP","article_modified_time":"2025-10-13T11:51:22+00:00","twitter_card":"summary_large_image","twitter_misc":{"Estimated reading time":"1 minute"},"schema":{"@context":"https:\/\/schema.org","@graph":[{"@type":"WebPage","@id":"https:\/\/tibek-cnc-technik.de\/de\/die-float-option\/","url":"https:\/\/tibek-cnc-technik.de\/de\/die-float-option\/","name":"The Float Option - Tibek CNC-Technik - Makers of SmartWOP","isPartOf":{"@id":"https:\/\/tibek-cnc-technik.de\/#website"},"datePublished":"2023-04-22T16:36:40+00:00","dateModified":"2025-10-13T11:51:22+00:00","breadcrumb":{"@id":"https:\/\/tibek-cnc-technik.de\/de\/die-float-option\/#breadcrumb"},"inLanguage":"en-GB","potentialAction":[{"@type":"ReadAction","target":["https:\/\/tibek-cnc-technik.de\/de\/die-float-option\/"]}]},{"@type":"BreadcrumbList","@id":"https:\/\/tibek-cnc-technik.de\/de\/die-float-option\/#breadcrumb","itemListElement":[{"@type":"ListItem","position":1,"name":"Startseite","item":"https:\/\/tibek-cnc-technik.de\/"},{"@type":"ListItem","position":2,"name":"Die Float-Option"}]},{"@type":"WebSite","@id":"https:\/\/tibek-cnc-technik.de\/#website","url":"https:\/\/tibek-cnc-technik.de\/","name":"Tibek CNC technology - creators of SmartWOP","description":"The drag-and-drop 3D design software for joiners and carpenters","publisher":{"@id":"https:\/\/tibek-cnc-technik.de\/#organization"},"potentialAction":[{"@type":"SearchAction","target":{"@type":"EntryPoint","urlTemplate":"https:\/\/tibek-cnc-technik.de\/?s={search_term_string}"},"query-input":{"@type":"PropertyValueSpecification","valueRequired":true,"valueName":"search_term_string"}}],"inLanguage":"en-GB"},{"@type":"Organization","@id":"https:\/\/tibek-cnc-technik.de\/#organization","name":"Tibek CNC technology - creators of SmartWOP","url":"https:\/\/tibek-cnc-technik.de\/","logo":{"@type":"ImageObject","inLanguage":"en-GB","@id":"https:\/\/tibek-cnc-technik.de\/#\/schema\/logo\/image\/","url":"https:\/\/tibek-cnc-technik.de\/wp-content\/uploads\/2023\/02\/Tibek-Logo-mit-Unterzeile-2018-RGB-1.svg","contentUrl":"https:\/\/tibek-cnc-technik.de\/wp-content\/uploads\/2023\/02\/Tibek-Logo-mit-Unterzeile-2018-RGB-1.svg","width":133,"height":48,"caption":"Tibek CNC-Technik - Macher von SmartWOP"},"image":{"@id":"https:\/\/tibek-cnc-technik.de\/#\/schema\/logo\/image\/"}}]}},"_links":{"self":[{"href":"https:\/\/tibek-cnc-technik.de\/en\/wp-json\/wp\/v2\/pages\/6545","targetHints":{"allow":["GET"]}}],"collection":[{"href":"https:\/\/tibek-cnc-technik.de\/en\/wp-json\/wp\/v2\/pages"}],"about":[{"href":"https:\/\/tibek-cnc-technik.de\/en\/wp-json\/wp\/v2\/types\/page"}],"author":[{"embeddable":true,"href":"https:\/\/tibek-cnc-technik.de\/en\/wp-json\/wp\/v2\/users\/2"}],"replies":[{"embeddable":true,"href":"https:\/\/tibek-cnc-technik.de\/en\/wp-json\/wp\/v2\/comments?post=6545"}],"version-history":[{"count":14,"href":"https:\/\/tibek-cnc-technik.de\/en\/wp-json\/wp\/v2\/pages\/6545\/revisions"}],"predecessor-version":[{"id":13215,"href":"https:\/\/tibek-cnc-technik.de\/en\/wp-json\/wp\/v2\/pages\/6545\/revisions\/13215"}],"wp:attachment":[{"href":"https:\/\/tibek-cnc-technik.de\/en\/wp-json\/wp\/v2\/media?parent=6545"}],"curies":[{"name":"wp","href":"https:\/\/api.w.org\/{rel}","templated":true}]}}