{"id":3731,"date":"2023-02-06T19:58:49","date_gmt":"2023-02-06T18:58:49","guid":{"rendered":"https:\/\/smtwp.medienfabrikant.de\/?page_id=3731"},"modified":"2025-03-09T13:44:51","modified_gmt":"2025-03-09T12:44:51","slug":"imprint","status":"publish","type":"page","link":"https:\/\/tibek-cnc-technik.de\/en\/impressum\/","title":{"rendered":"Imprint"},"content":{"rendered":"<div data-elementor-type=\"wp-page\" data-elementor-id=\"3731\" class=\"elementor elementor-3731\" data-elementor-post-type=\"page\">\n\t\t\t\t<div class=\"elementor-element elementor-element-5fdb41d e-flex e-con-boxed e-con e-parent\" data-id=\"5fdb41d\" data-element_type=\"container\" data-e-type=\"container\" data-settings=\"{&quot;background_background&quot;:&quot;classic&quot;}\">\n\t\t\t\t\t<div class=\"e-con-inner\">\n\t\t<div class=\"elementor-element elementor-element-f2a077c e-con-full e-flex e-con e-child\" data-id=\"f2a077c\" data-element_type=\"container\" data-e-type=\"container\">\n\t\t<div class=\"elementor-element elementor-element-2cc9ee9 e-con-full e-flex e-con e-child\" data-id=\"2cc9ee9\" data-element_type=\"container\" data-e-type=\"container\">\n\t\t\t\t<div class=\"elementor-element elementor-element-3106efc exad-sticky-section-no exad-glass-effect-no elementor-widget elementor-widget-heading\" data-id=\"3106efc\" data-element_type=\"widget\" data-e-type=\"widget\" data-widget_type=\"heading.default\">\n\t\t\t\t<div class=\"elementor-widget-container\">\n\t\t\t\t\t<h1 class=\"elementor-heading-title elementor-size-default\">IMPRINT<\/h1>\t\t\t\t<\/div>\n\t\t\t\t<\/div>\n\t\t<div class=\"elementor-element elementor-element-c83583a e-flex e-con-boxed e-con e-child\" data-id=\"c83583a\" data-element_type=\"container\" data-e-type=\"container\">\n\t\t\t\t\t<div class=\"e-con-inner\">\n\t\t<div class=\"elementor-element elementor-element-b8e63e8 e-flex e-con-boxed e-con e-child\" data-id=\"b8e63e8\" data-element_type=\"container\" data-e-type=\"container\">\n\t\t\t\t\t<div class=\"e-con-inner\">\n\t\t\t\t<div class=\"elementor-element elementor-element-f1e07b0 exad-sticky-section-no exad-glass-effect-no elementor-widget elementor-widget-heading\" data-id=\"f1e07b0\" data-element_type=\"widget\" data-e-type=\"widget\" data-widget_type=\"heading.default\">\n\t\t\t\t<div class=\"elementor-widget-container\">\n\t\t\t\t\t<h3 class=\"elementor-heading-title elementor-size-default\">According to \u00a7 5 TMG<\/h3>\t\t\t\t<\/div>\n\t\t\t\t<\/div>\n\t\t\t\t<div class=\"elementor-element elementor-element-d2a61e2 exad-sticky-section-no exad-glass-effect-no elementor-widget elementor-widget-text-editor\" data-id=\"d2a61e2\" data-element_type=\"widget\" data-e-type=\"widget\" data-widget_type=\"text-editor.default\">\n\t\t\t\t<div class=\"elementor-widget-container\">\n\t\t\t\t\t\t\t\t\t<p>Tibek CNC Technik GmbH<br \/>Simrockstr. 64-66<br \/>D-40235 Dusseldorf<\/p><p>Represented by<br \/>Timour Bekbulatov<\/p><p>Contact:<br \/>Telephone: + 49 (0) 211-610 80 90<br \/>Fax: + 49 (0) 211-610 80 91<br \/>Email: info@tibek.de<br \/>Internet address: www.tibek.de<\/p><p>Register entry:<br \/>registration in the commercial register<br \/>Registration number: HRB71776<br \/>Registration court: District Court of D\u00fcsseldorf<\/p><p>Sales tax identification number according to \u00a727 a sales tax law:<br \/>DE293403139<\/p><p>References for the images and graphics used<br \/>123rf.com<br \/>rdhfoto.de<br \/>tibek.de<br \/><a href=\"https:\/\/www.freepik.com\/\">FREEPIK.COM<\/a><\/p><p><a href=\"https:\/\/tibek-cnc-technik.de\/en\/license-terms\/\">SmartWOP License Terms<\/a><\/p>\t\t\t\t\t\t\t\t<\/div>\n\t\t\t\t<\/div>\n\t\t\t\t<div class=\"elementor-element elementor-element-b03f9e6 exad-sticky-section-no exad-glass-effect-no elementor-widget elementor-widget-heading\" data-id=\"b03f9e6\" data-element_type=\"widget\" data-e-type=\"widget\" data-widget_type=\"heading.default\">\n\t\t\t\t<div class=\"elementor-widget-container\">\n\t\t\t\t\t<h3 class=\"elementor-heading-title elementor-size-default\">DISCLAIMER<\/h3>\t\t\t\t<\/div>\n\t\t\t\t<\/div>\n\t\t\t\t<div class=\"elementor-element elementor-element-22e3eef exad-sticky-section-no exad-glass-effect-no elementor-widget elementor-widget-text-editor\" data-id=\"22e3eef\" data-element_type=\"widget\" data-e-type=\"widget\" data-widget_type=\"text-editor.default\">\n\t\t\t\t<div class=\"elementor-widget-container\">\n\t\t\t\t\t\t\t\t\t<h4>Liability for content<\/h4><p>The contents of our pages were created with great care. However, we cannot guarantee that the content is correct, complete or up-to-date. As a service provider, we are responsible for our own content on these pages according to Section 7, Paragraph 1 of the German Telemedia Act (TMG). According to \u00a7\u00a7 8 to 10 TMG, however, we as a service provider are not obliged to monitor transmitted or stored third-party information or to investigate circumstances that indicate illegal activity. Obligations to remove or block the use of information according to general laws remain unaffected. However, liability in this regard is only possible from the point in time at which knowledge of a specific infringement of the law is known. As soon as we become aware of any violations of the law, we will remove this content immediately.<\/p><h4>\u00a0<\/h4><h4>Liability for links<\/h4><p>Our offer contains links to external third-party websites, the content of which we have no influence on. Therefore we cannot assume any liability for this external content. The respective provider or operator of the pages is always responsible for the content of the linked pages. The linked pages were checked for possible legal violations at the time of linking. Illegal content was not recognizable at the time of linking. However, a permanent control of the content of the linked pages is not reasonable without concrete evidence of an infringement. As soon as we become aware of legal violations, we will remove such links immediately.<\/p><h4>\u00a0<\/h4><h4>copyright<\/h4><p>The content and works on these pages created or used by the site operators are subject to German copyright law. The duplication, processing, distribution and any kind of exploitation outside the limits of copyright require the consent of the respective author or creator. Downloads and copies of this site are only permitted for private, non-commercial use. Insofar as the content on this site was not created by the operator, the copyrights of third parties are observed. In particular contents of third parties are marked as such. Should you nevertheless become aware of a copyright infringement, we ask that you inform us accordingly. As soon as we become aware of legal violations, we will remove such content immediately.<\/p><p>Source:\u00a0<a href=\"http:\/\/www.muster-vorlagen.net\/\" target=\"_new\" rel=\"noopener\">pattern-templates.net<\/a><\/p><p>\u00a0<\/p><p>\u00a0<\/p><p>Web design and technical administration: <a href=\"https:\/\/raaf-kommunikation.de\">raaf-communication.com<\/a><\/p>\t\t\t\t\t\t\t\t<\/div>\n\t\t\t\t<\/div>\n\t\t\t\t\t<\/div>\n\t\t\t\t<\/div>\n\t\t\t\t\t<\/div>\n\t\t\t\t<\/div>\n\t\t\t\t<\/div>\n\t\t\t\t<\/div>\n\t\t<div class=\"elementor-element elementor-element-a334e71 e-con-full e-transform e-flex e-con e-child\" data-id=\"a334e71\" data-element_type=\"container\" data-e-type=\"container\" data-settings=\"{&quot;background_background&quot;:&quot;classic&quot;,&quot;_transform_skewX_effect&quot;:{&quot;unit&quot;:&quot;px&quot;,&quot;size&quot;:-360,&quot;sizes&quot;:[]},&quot;_transform_skewY_effect&quot;:{&quot;unit&quot;:&quot;px&quot;,&quot;size&quot;:-20.754,&quot;sizes&quot;:[]},&quot;_transform_skewX_effect_widescreen&quot;:{&quot;unit&quot;:&quot;deg&quot;,&quot;size&quot;:&quot;&quot;,&quot;sizes&quot;:[]},&quot;_transform_skewX_effect_laptop&quot;:{&quot;unit&quot;:&quot;deg&quot;,&quot;size&quot;:&quot;&quot;,&quot;sizes&quot;:[]},&quot;_transform_skewX_effect_tablet_extra&quot;:{&quot;unit&quot;:&quot;deg&quot;,&quot;size&quot;:&quot;&quot;,&quot;sizes&quot;:[]},&quot;_transform_skewX_effect_tablet&quot;:{&quot;unit&quot;:&quot;deg&quot;,&quot;size&quot;:&quot;&quot;,&quot;sizes&quot;:[]},&quot;_transform_skewX_effect_mobile&quot;:{&quot;unit&quot;:&quot;deg&quot;,&quot;size&quot;:&quot;&quot;,&quot;sizes&quot;:[]},&quot;_transform_skewY_effect_widescreen&quot;:{&quot;unit&quot;:&quot;deg&quot;,&quot;size&quot;:&quot;&quot;,&quot;sizes&quot;:[]},&quot;_transform_skewY_effect_laptop&quot;:{&quot;unit&quot;:&quot;deg&quot;,&quot;size&quot;:&quot;&quot;,&quot;sizes&quot;:[]},&quot;_transform_skewY_effect_tablet_extra&quot;:{&quot;unit&quot;:&quot;deg&quot;,&quot;size&quot;:&quot;&quot;,&quot;sizes&quot;:[]},&quot;_transform_skewY_effect_tablet&quot;:{&quot;unit&quot;:&quot;deg&quot;,&quot;size&quot;:&quot;&quot;,&quot;sizes&quot;:[]},&quot;_transform_skewY_effect_mobile&quot;:{&quot;unit&quot;:&quot;deg&quot;,&quot;size&quot;:&quot;&quot;,&quot;sizes&quot;:[]}}\">\n\t\t\t\t<\/div>\n\t\t\t\t\t<\/div>\n\t\t\t\t<\/div>\n\t\t\t\t<\/div>","protected":false},"excerpt":{"rendered":"<p>IMPRESSUM Angaben gem\u00e4\u00df \u00a7 5 TMG Tibek CNC-Technik GmbHSimrockstr. 64-6640235 D\u00fcsseldorf Vertreten durchTimour Bekbulatov Kontakt:Telefon: + 49 (0) 211-610 80 90Telefax: + 49 (0) 211-610 80 91E-Mail: info@tibek.deInternetadresse: www.tibek.de Registereintrag:Eintragung im HandelsregisterRegisternummer: HRB71776Registergericht: Amtsgericht D\u00fcsseldorf Umsatzsteuer-Identifikationsnummer gem\u00e4\u00df \u00a727 a Umsatzsteuergesetz:DE293403139 Quellenangaben f\u00fcr die verwendeten Bilder und Grafiken123rf.comrdhfoto.detibek.deFREEPIK.COM SmartWOP-Lizenzbedingungen \/ SmartWOP License Terms HAFTUNGSAUSSCHLUSS Haftung f\u00fcr [&hellip;]<\/p>\n","protected":false},"author":2,"featured_media":0,"parent":0,"menu_order":0,"comment_status":"closed","ping_status":"closed","template":"","meta":{"inline_featured_image":false,"footnotes":""},"class_list":["post-3731","page","type-page","status-publish","hentry"],"yoast_head":"<!-- This site is optimized with the Yoast SEO plugin v27.3 - https:\/\/yoast.com\/product\/yoast-seo-wordpress\/ -->\n<title>Impressum - Tibek CNC-Technik - Macher von SmartWOP<\/title>\n<meta name=\"robots\" content=\"index, follow, max-snippet:-1, max-image-preview:large, max-video-preview:-1\" \/>\n<link rel=\"canonical\" href=\"https:\/\/tibek-cnc-technik.de\/en\/imprint\/\" \/>\n<meta property=\"og:locale\" content=\"en_GB\" \/>\n<meta property=\"og:type\" content=\"article\" \/>\n<meta property=\"og:title\" content=\"Impressum - Tibek CNC-Technik - Macher von SmartWOP\" \/>\n<meta property=\"og:description\" content=\"IMPRESSUM Angaben gem\u00e4\u00df \u00a7 5 TMG Tibek CNC-Technik GmbHSimrockstr. 64-6640235 D\u00fcsseldorf Vertreten durchTimour Bekbulatov Kontakt:Telefon: + 49 (0) 211-610 80 90Telefax: + 49 (0) 211-610 80 91E-Mail: info@tibek.deInternetadresse: www.tibek.de Registereintrag:Eintragung im HandelsregisterRegisternummer: HRB71776Registergericht: Amtsgericht D\u00fcsseldorf Umsatzsteuer-Identifikationsnummer gem\u00e4\u00df \u00a727 a Umsatzsteuergesetz:DE293403139 Quellenangaben f\u00fcr die verwendeten Bilder und Grafiken123rf.comrdhfoto.detibek.deFREEPIK.COM SmartWOP-Lizenzbedingungen \/ SmartWOP License Terms HAFTUNGSAUSSCHLUSS Haftung f\u00fcr [&hellip;]\" \/>\n<meta property=\"og:url\" content=\"https:\/\/tibek-cnc-technik.de\/en\/imprint\/\" \/>\n<meta property=\"og:site_name\" content=\"Tibek CNC-Technik - Macher von SmartWOP\" \/>\n<meta property=\"article:modified_time\" content=\"2025-03-09T12:44:51+00:00\" \/>\n<meta name=\"twitter:card\" content=\"summary_large_image\" \/>\n<meta name=\"twitter:label1\" content=\"Estimated reading time\" \/>\n\t<meta name=\"twitter:data1\" content=\"3 minutes\" \/>\n<script type=\"application\/ld+json\" class=\"yoast-schema-graph\">{\"@context\":\"https:\\\/\\\/schema.org\",\"@graph\":[{\"@type\":\"WebPage\",\"@id\":\"https:\\\/\\\/tibek-cnc-technik.de\\\/de\\\/impressum\\\/\",\"url\":\"https:\\\/\\\/tibek-cnc-technik.de\\\/de\\\/impressum\\\/\",\"name\":\"Impressum - Tibek CNC-Technik - Macher von SmartWOP\",\"isPartOf\":{\"@id\":\"https:\\\/\\\/tibek-cnc-technik.de\\\/#website\"},\"datePublished\":\"2023-02-06T18:58:49+00:00\",\"dateModified\":\"2025-03-09T12:44:51+00:00\",\"breadcrumb\":{\"@id\":\"https:\\\/\\\/tibek-cnc-technik.de\\\/de\\\/impressum\\\/#breadcrumb\"},\"inLanguage\":\"en-GB\",\"potentialAction\":[{\"@type\":\"ReadAction\",\"target\":[\"https:\\\/\\\/tibek-cnc-technik.de\\\/de\\\/impressum\\\/\"]}]},{\"@type\":\"BreadcrumbList\",\"@id\":\"https:\\\/\\\/tibek-cnc-technik.de\\\/de\\\/impressum\\\/#breadcrumb\",\"itemListElement\":[{\"@type\":\"ListItem\",\"position\":1,\"name\":\"Startseite\",\"item\":\"https:\\\/\\\/tibek-cnc-technik.de\\\/\"},{\"@type\":\"ListItem\",\"position\":2,\"name\":\"Impressum\"}]},{\"@type\":\"WebSite\",\"@id\":\"https:\\\/\\\/tibek-cnc-technik.de\\\/#website\",\"url\":\"https:\\\/\\\/tibek-cnc-technik.de\\\/\",\"name\":\"Tibek CNC-Technik - Macher von SmartWOP\",\"description\":\"Die Drag-and-Drop-3D-Konstruktionssoftware f\u00fcr Schreiner und Tischler\",\"publisher\":{\"@id\":\"https:\\\/\\\/tibek-cnc-technik.de\\\/#organization\"},\"potentialAction\":[{\"@type\":\"SearchAction\",\"target\":{\"@type\":\"EntryPoint\",\"urlTemplate\":\"https:\\\/\\\/tibek-cnc-technik.de\\\/?s={search_term_string}\"},\"query-input\":{\"@type\":\"PropertyValueSpecification\",\"valueRequired\":true,\"valueName\":\"search_term_string\"}}],\"inLanguage\":\"en-GB\"},{\"@type\":\"Organization\",\"@id\":\"https:\\\/\\\/tibek-cnc-technik.de\\\/#organization\",\"name\":\"Tibek CNC-Technik - Macher von SmartWOP\",\"url\":\"https:\\\/\\\/tibek-cnc-technik.de\\\/\",\"logo\":{\"@type\":\"ImageObject\",\"inLanguage\":\"en-GB\",\"@id\":\"https:\\\/\\\/tibek-cnc-technik.de\\\/#\\\/schema\\\/logo\\\/image\\\/\",\"url\":\"https:\\\/\\\/tibek-cnc-technik.de\\\/wp-content\\\/uploads\\\/2023\\\/02\\\/Tibek-Logo-mit-Unterzeile-2018-RGB-1.svg\",\"contentUrl\":\"https:\\\/\\\/tibek-cnc-technik.de\\\/wp-content\\\/uploads\\\/2023\\\/02\\\/Tibek-Logo-mit-Unterzeile-2018-RGB-1.svg\",\"width\":133,\"height\":48,\"caption\":\"Tibek CNC-Technik - Macher von SmartWOP\"},\"image\":{\"@id\":\"https:\\\/\\\/tibek-cnc-technik.de\\\/#\\\/schema\\\/logo\\\/image\\\/\"}}]}<\/script>\n<!-- \/ Yoast SEO plugin. -->","yoast_head_json":{"title":"Imprint - Tibek CNC-Technik - Makers of SmartWOP","robots":{"index":"index","follow":"follow","max-snippet":"max-snippet:-1","max-image-preview":"max-image-preview:large","max-video-preview":"max-video-preview:-1"},"canonical":"https:\/\/tibek-cnc-technik.de\/en\/imprint\/","og_locale":"en_GB","og_type":"article","og_title":"Impressum - Tibek CNC-Technik - Macher von SmartWOP","og_description":"IMPRESSUM Angaben gem\u00e4\u00df \u00a7 5 TMG Tibek CNC-Technik GmbHSimrockstr. 64-6640235 D\u00fcsseldorf Vertreten durchTimour Bekbulatov Kontakt:Telefon: + 49 (0) 211-610 80 90Telefax: + 49 (0) 211-610 80 91E-Mail: info@tibek.deInternetadresse: www.tibek.de Registereintrag:Eintragung im HandelsregisterRegisternummer: HRB71776Registergericht: Amtsgericht D\u00fcsseldorf Umsatzsteuer-Identifikationsnummer gem\u00e4\u00df \u00a727 a Umsatzsteuergesetz:DE293403139 Quellenangaben f\u00fcr die verwendeten Bilder und Grafiken123rf.comrdhfoto.detibek.deFREEPIK.COM SmartWOP-Lizenzbedingungen \/ SmartWOP License Terms HAFTUNGSAUSSCHLUSS Haftung f\u00fcr [&hellip;]","og_url":"https:\/\/tibek-cnc-technik.de\/en\/imprint\/","og_site_name":"Tibek CNC-Technik - Macher von SmartWOP","article_modified_time":"2025-03-09T12:44:51+00:00","twitter_card":"summary_large_image","twitter_misc":{"Estimated reading time":"3 minutes"},"schema":{"@context":"https:\/\/schema.org","@graph":[{"@type":"WebPage","@id":"https:\/\/tibek-cnc-technik.de\/de\/impressum\/","url":"https:\/\/tibek-cnc-technik.de\/de\/impressum\/","name":"Imprint - Tibek CNC-Technik - Makers of SmartWOP","isPartOf":{"@id":"https:\/\/tibek-cnc-technik.de\/#website"},"datePublished":"2023-02-06T18:58:49+00:00","dateModified":"2025-03-09T12:44:51+00:00","breadcrumb":{"@id":"https:\/\/tibek-cnc-technik.de\/de\/impressum\/#breadcrumb"},"inLanguage":"en-GB","potentialAction":[{"@type":"ReadAction","target":["https:\/\/tibek-cnc-technik.de\/de\/impressum\/"]}]},{"@type":"BreadcrumbList","@id":"https:\/\/tibek-cnc-technik.de\/de\/impressum\/#breadcrumb","itemListElement":[{"@type":"ListItem","position":1,"name":"Startseite","item":"https:\/\/tibek-cnc-technik.de\/"},{"@type":"ListItem","position":2,"name":"Impressum"}]},{"@type":"WebSite","@id":"https:\/\/tibek-cnc-technik.de\/#website","url":"https:\/\/tibek-cnc-technik.de\/","name":"Tibek CNC technology - creators of SmartWOP","description":"The drag-and-drop 3D design software for joiners and carpenters","publisher":{"@id":"https:\/\/tibek-cnc-technik.de\/#organization"},"potentialAction":[{"@type":"SearchAction","target":{"@type":"EntryPoint","urlTemplate":"https:\/\/tibek-cnc-technik.de\/?s={search_term_string}"},"query-input":{"@type":"PropertyValueSpecification","valueRequired":true,"valueName":"search_term_string"}}],"inLanguage":"en-GB"},{"@type":"Organization","@id":"https:\/\/tibek-cnc-technik.de\/#organization","name":"Tibek CNC technology - creators of SmartWOP","url":"https:\/\/tibek-cnc-technik.de\/","logo":{"@type":"ImageObject","inLanguage":"en-GB","@id":"https:\/\/tibek-cnc-technik.de\/#\/schema\/logo\/image\/","url":"https:\/\/tibek-cnc-technik.de\/wp-content\/uploads\/2023\/02\/Tibek-Logo-mit-Unterzeile-2018-RGB-1.svg","contentUrl":"https:\/\/tibek-cnc-technik.de\/wp-content\/uploads\/2023\/02\/Tibek-Logo-mit-Unterzeile-2018-RGB-1.svg","width":133,"height":48,"caption":"Tibek CNC-Technik - Macher von SmartWOP"},"image":{"@id":"https:\/\/tibek-cnc-technik.de\/#\/schema\/logo\/image\/"}}]}},"_links":{"self":[{"href":"https:\/\/tibek-cnc-technik.de\/en\/wp-json\/wp\/v2\/pages\/3731","targetHints":{"allow":["GET"]}}],"collection":[{"href":"https:\/\/tibek-cnc-technik.de\/en\/wp-json\/wp\/v2\/pages"}],"about":[{"href":"https:\/\/tibek-cnc-technik.de\/en\/wp-json\/wp\/v2\/types\/page"}],"author":[{"embeddable":true,"href":"https:\/\/tibek-cnc-technik.de\/en\/wp-json\/wp\/v2\/users\/2"}],"replies":[{"embeddable":true,"href":"https:\/\/tibek-cnc-technik.de\/en\/wp-json\/wp\/v2\/comments?post=3731"}],"version-history":[{"count":55,"href":"https:\/\/tibek-cnc-technik.de\/en\/wp-json\/wp\/v2\/pages\/3731\/revisions"}],"predecessor-version":[{"id":12938,"href":"https:\/\/tibek-cnc-technik.de\/en\/wp-json\/wp\/v2\/pages\/3731\/revisions\/12938"}],"wp:attachment":[{"href":"https:\/\/tibek-cnc-technik.de\/en\/wp-json\/wp\/v2\/media?parent=3731"}],"curies":[{"name":"wp","href":"https:\/\/api.w.org\/{rel}","templated":true}]}}