{"id":3713,"date":"2023-02-06T19:55:00","date_gmt":"2023-02-06T18:55:00","guid":{"rendered":"https:\/\/smtwp.medienfabrikant.de\/?page_id=3713"},"modified":"2025-10-09T10:45:23","modified_gmt":"2025-10-09T08:45:23","slug":"smartwop-free","status":"publish","type":"page","link":"https:\/\/tibek-cnc-technik.de\/en\/produkte\/smartwop\/smartwop-kostenlos\/","title":{"rendered":"SmartWOP<br>for free"},"content":{"rendered":"\t\t<div data-elementor-type=\"wp-page\" data-elementor-id=\"3713\" class=\"elementor elementor-3713\" data-elementor-post-type=\"page\">\n\t\t\t\t<div class=\"elementor-element elementor-element-4ed0b73f e-con-full e-flex e-con e-parent\" data-id=\"4ed0b73f\" data-element_type=\"container\" data-e-type=\"container\" data-settings=\"{&quot;background_background&quot;:&quot;classic&quot;}\">\n\t\t<div class=\"elementor-element elementor-element-5ce3e0ba e-flex e-con-boxed e-con e-child\" data-id=\"5ce3e0ba\" data-element_type=\"container\" data-e-type=\"container\">\n\t\t\t\t\t<div class=\"e-con-inner\">\n\t\t\t\t<div class=\"elementor-element elementor-element-21ad550d exad-sticky-section-no exad-glass-effect-no elementor-widget elementor-widget-heading\" data-id=\"21ad550d\" data-element_type=\"widget\" data-e-type=\"widget\" data-widget_type=\"heading.default\">\n\t\t\t\t<div class=\"elementor-widget-container\">\n\t\t\t\t\t<h2 class=\"elementor-heading-title elementor-size-default\">Nutzen Sie SmartWOP solange Sie wollen \u2013 v\u00f6llig kostenlos<\/h2>\t\t\t\t<\/div>\n\t\t\t\t<\/div>\n\t\t\t\t\t<\/div>\n\t\t\t\t<\/div>\n\t\t<div class=\"elementor-element elementor-element-214935c4 e-flex e-con-boxed e-con e-child\" data-id=\"214935c4\" data-element_type=\"container\" data-e-type=\"container\">\n\t\t\t\t\t<div class=\"e-con-inner\">\n\t\t\t\t<div class=\"elementor-element elementor-element-223c2690 elementor-widget__width-inherit exad-sticky-section-no exad-glass-effect-no elementor-widget elementor-widget-image\" data-id=\"223c2690\" data-element_type=\"widget\" data-e-type=\"widget\" data-widget_type=\"image.default\">\n\t\t\t\t<div class=\"elementor-widget-container\">\n\t\t\t\t\t\t\t\t\t\t\t\t\t\t\t<img fetchpriority=\"high\" decoding=\"async\" width=\"800\" height=\"534\" src=\"https:\/\/tibek-cnc-technik.de\/wp-content\/uploads\/2023\/05\/42591978_Mitarbeiter-laechelt-in-Kamera-Monitor-mit-Schrankprojekt-1024x683.jpg\" class=\"attachment-large size-large wp-image-10105\" alt=\"Mitarbeiter la\u0308chelt in Kamera vor Monitor mit Schrankprojekt\" srcset=\"https:\/\/tibek-cnc-technik.de\/wp-content\/uploads\/2023\/05\/42591978_Mitarbeiter-laechelt-in-Kamera-Monitor-mit-Schrankprojekt-1024x683.jpg 1024w, https:\/\/tibek-cnc-technik.de\/wp-content\/uploads\/2023\/05\/42591978_Mitarbeiter-laechelt-in-Kamera-Monitor-mit-Schrankprojekt-300x200.jpg 300w, https:\/\/tibek-cnc-technik.de\/wp-content\/uploads\/2023\/05\/42591978_Mitarbeiter-laechelt-in-Kamera-Monitor-mit-Schrankprojekt-768x512.jpg 768w, https:\/\/tibek-cnc-technik.de\/wp-content\/uploads\/2023\/05\/42591978_Mitarbeiter-laechelt-in-Kamera-Monitor-mit-Schrankprojekt-1536x1024.jpg 1536w, https:\/\/tibek-cnc-technik.de\/wp-content\/uploads\/2023\/05\/42591978_Mitarbeiter-laechelt-in-Kamera-Monitor-mit-Schrankprojekt-2048x1366.jpg 2048w, https:\/\/tibek-cnc-technik.de\/wp-content\/uploads\/2023\/05\/42591978_Mitarbeiter-laechelt-in-Kamera-Monitor-mit-Schrankprojekt-18x12.jpg 18w\" sizes=\"(max-width: 800px) 100vw, 800px\" \/>\t\t\t\t\t\t\t\t\t\t\t\t\t\t\t<\/div>\n\t\t\t\t<\/div>\n\t\t\t\t\t<\/div>\n\t\t\t\t<\/div>\n\t\t<div class=\"elementor-element elementor-element-3c6b8a13 e-flex e-con-boxed e-con e-child\" data-id=\"3c6b8a13\" data-element_type=\"container\" data-e-type=\"container\" data-settings=\"{&quot;background_background&quot;:&quot;classic&quot;}\">\n\t\t\t\t\t<div class=\"e-con-inner\">\n\t\t\t\t<div class=\"elementor-element elementor-element-5f667e27 exad-sticky-section-no exad-glass-effect-no elementor-widget elementor-widget-heading\" data-id=\"5f667e27\" data-element_type=\"widget\" data-e-type=\"widget\" data-widget_type=\"heading.default\">\n\t\t\t\t<div class=\"elementor-widget-container\">\n\t\t\t\t\t<h1 class=\"elementor-heading-title elementor-size-default\">Fordern Sie das kostenlose SmartWOP BASIC 5.0 jetzt an<\/h1>\t\t\t\t<\/div>\n\t\t\t\t<\/div>\n\t\t\t\t<div class=\"elementor-element elementor-element-8b88cb6 exad-sticky-section-no exad-glass-effect-no elementor-widget elementor-widget-heading\" data-id=\"8b88cb6\" data-element_type=\"widget\" data-e-type=\"widget\" data-widget_type=\"heading.default\">\n\t\t\t\t<div class=\"elementor-widget-container\">\n\t\t\t\t\t<h3 class=\"elementor-heading-title elementor-size-default\">Machen Sie jetzt den ersten Schritt zur einfacheren, kosteng\u00fcnstigeren und schnelleren M\u00f6belproduktion<\/h3>\t\t\t\t<\/div>\n\t\t\t\t<\/div>\n\t\t\t\t<div class=\"elementor-element elementor-element-56d14961 exad-sticky-section-no exad-glass-effect-no elementor-widget elementor-widget-text-editor\" data-id=\"56d14961\" data-element_type=\"widget\" data-e-type=\"widget\" data-widget_type=\"text-editor.default\">\n\t\t\t\t<div class=\"elementor-widget-container\">\n\t\t\t\t\t\t\t\t\t<p>Die einfache und effektive Arbeitsweise, sowie die Kontrollfunktionen, die Assistenten und anderen praktische Funktionen stehen Ihnen f\u00fcr die Konstruktion in jedem verf\u00fcgbaren Volumen zur Konstruktion zum Testen zur Verf\u00fcgung.<\/p><p>Um das kostenlose SmartWOP Basic herunterzuladen, tragen Sie einfach Ihre E-Mail-Adresse ein und senden das Formular ab. Der Downloadlink wird Ihnen automatisch zugesendet.<\/p><p>Konstruieren Sie mit der kostenfreien Basic-Version uneingeschr\u00e4nkt und lassen Sie sich <strong>bis zu sechs Bauteile<\/strong> ausgeben.<\/p><p>Sie sind <strong>gewerbetreibender<\/strong> Tischler oder Schreiner? Dann k\u00f6nnen Sie Ihre <a href=\"https:\/\/tibek-cnc-technik.de\/de\/produkte\/smartwop\/smartwop-testen\">voll funktionsf\u00e4hige 15-Tage-Testversion hier anfordern<\/a>. Ein Verkauf an private Haushalte ist nicht zul\u00e4ssig.<\/p><p><strong>Wichtig:<\/strong> In der Basic-Version erstellte Projekte k\u00f6nnen nachtr\u00e4glich in der Vollversion von SmartWOP nicht weiter bearbeitet werden.<\/p>\t\t\t\t\t\t\t\t<\/div>\n\t\t\t\t<\/div>\n\t\t<div class=\"elementor-element elementor-element-1a4d94d6 e-con-full e-transform elementor-hidden-mobile e-flex e-con e-child\" data-id=\"1a4d94d6\" data-element_type=\"container\" data-e-type=\"container\" data-settings=\"{&quot;background_background&quot;:&quot;classic&quot;,&quot;_transform_skewX_effect&quot;:{&quot;unit&quot;:&quot;px&quot;,&quot;size&quot;:-360,&quot;sizes&quot;:[]},&quot;_transform_skewY_effect&quot;:{&quot;unit&quot;:&quot;px&quot;,&quot;size&quot;:-20.754,&quot;sizes&quot;:[]},&quot;_transform_skewX_effect_widescreen&quot;:{&quot;unit&quot;:&quot;deg&quot;,&quot;size&quot;:&quot;&quot;,&quot;sizes&quot;:[]},&quot;_transform_skewX_effect_laptop&quot;:{&quot;unit&quot;:&quot;deg&quot;,&quot;size&quot;:&quot;&quot;,&quot;sizes&quot;:[]},&quot;_transform_skewX_effect_tablet_extra&quot;:{&quot;unit&quot;:&quot;deg&quot;,&quot;size&quot;:&quot;&quot;,&quot;sizes&quot;:[]},&quot;_transform_skewX_effect_tablet&quot;:{&quot;unit&quot;:&quot;deg&quot;,&quot;size&quot;:&quot;&quot;,&quot;sizes&quot;:[]},&quot;_transform_skewX_effect_mobile&quot;:{&quot;unit&quot;:&quot;deg&quot;,&quot;size&quot;:&quot;&quot;,&quot;sizes&quot;:[]},&quot;_transform_skewY_effect_widescreen&quot;:{&quot;unit&quot;:&quot;deg&quot;,&quot;size&quot;:&quot;&quot;,&quot;sizes&quot;:[]},&quot;_transform_skewY_effect_laptop&quot;:{&quot;unit&quot;:&quot;deg&quot;,&quot;size&quot;:&quot;&quot;,&quot;sizes&quot;:[]},&quot;_transform_skewY_effect_tablet_extra&quot;:{&quot;unit&quot;:&quot;deg&quot;,&quot;size&quot;:&quot;&quot;,&quot;sizes&quot;:[]},&quot;_transform_skewY_effect_tablet&quot;:{&quot;unit&quot;:&quot;deg&quot;,&quot;size&quot;:&quot;&quot;,&quot;sizes&quot;:[]},&quot;_transform_skewY_effect_mobile&quot;:{&quot;unit&quot;:&quot;deg&quot;,&quot;size&quot;:&quot;&quot;,&quot;sizes&quot;:[]}}\">\n\t\t\t\t<\/div>\n\t\t\t\t<div class=\"elementor-element elementor-element-309e44b9 elementor-button-align-stretch exad-sticky-section-no exad-glass-effect-no elementor-widget elementor-widget-form\" data-id=\"309e44b9\" data-element_type=\"widget\" data-e-type=\"widget\" data-settings=\"{&quot;step_next_label&quot;:&quot;N\\u00e4chster&quot;,&quot;step_previous_label&quot;:&quot;Voriger&quot;,&quot;button_width&quot;:&quot;50&quot;,&quot;step_type&quot;:&quot;number_text&quot;,&quot;step_icon_shape&quot;:&quot;circle&quot;}\" data-widget_type=\"form.default\">\n\t\t\t\t<div class=\"elementor-widget-container\">\n\t\t\t\t\t\t\t<form class=\"elementor-form\" method=\"post\" id=\"Anforderung_Basic\" name=\"BASIC bestellen\" aria-label=\"BASIC bestellen\">\n\t\t\t<input type=\"hidden\" name=\"post_id\" value=\"3713\"\/>\n\t\t\t<input type=\"hidden\" name=\"form_id\" value=\"309e44b9\"\/>\n\t\t\t<input type=\"hidden\" name=\"referer_title\" value=\"Tibek CNC-Technik &#8211; Macher von SmartWOP\" \/>\n\n\t\t\t\n\t\t\t<div class=\"elementor-form-fields-wrapper elementor-labels-above\">\n\t\t\t\t\t\t\t\t<div class=\"elementor-field-type-email elementor-field-group elementor-column elementor-field-group-field_7d1e2df elementor-col-50 elementor-field-required\">\n\t\t\t\t\t\t\t\t\t\t\t\t<label for=\"form-field-field_7d1e2df\" class=\"elementor-field-label\">\n\t\t\t\t\t\t\t\tE-Mail-Adresse*:\t\t\t\t\t\t\t<\/label>\n\t\t\t\t\t\t\t\t\t\t\t\t\t\t<input size=\"1\" type=\"email\" name=\"form_fields[field_7d1e2df]\" id=\"form-field-field_7d1e2df\" class=\"elementor-field elementor-size-sm  elementor-field-textual\" placeholder=\"E-Mail\" required=\"required\">\n\t\t\t\t\t\t\t\t\t\t\t<\/div>\n\t\t\t\t\t\t\t\t<div class=\"elementor-field-type-acceptance elementor-field-group elementor-column elementor-field-group-field_3f3f28c elementor-col-100 elementor-field-required\">\n\t\t\t\t\t\t\t<div class=\"elementor-field-subgroup\">\n\t\t\t<span class=\"elementor-field-option\">\n\t\t\t\t<input type=\"checkbox\" name=\"form_fields[field_3f3f28c]\" id=\"form-field-field_3f3f28c\" class=\"elementor-field elementor-size-sm  elementor-acceptance-field\" required=\"required\">\n\t\t\t\t<label for=\"form-field-field_3f3f28c\">Ich bin damit einverstanden, dass Sie sich einige Wochen nach Zusendung des Downloadlinks per E-Mail nach meinen Erfahrungen mit SmartWOP Basic erkundigen und mir ggf. ein Angebot unterbreiten. (Sollten Sie kein Interesse an weiteren Kontaktaufnahmen haben, werden wir Ihre E-Mail-Adresse l\u00f6schen.) *<\/label>\t\t\t<\/span>\n\t\t<\/div>\n\t\t\t\t\t\t<\/div>\n\t\t\t\t\t\t\t\t<div class=\"elementor-field-type-acceptance elementor-field-group elementor-column elementor-field-group-field_04e764d elementor-col-100 elementor-field-required\">\n\t\t\t\t\t\t\t<div class=\"elementor-field-subgroup\">\n\t\t\t<span class=\"elementor-field-option\">\n\t\t\t\t<input type=\"checkbox\" name=\"form_fields[field_04e764d]\" id=\"form-field-field_04e764d\" class=\"elementor-field elementor-size-sm  elementor-acceptance-field\" required=\"required\">\n\t\t\t\t<label for=\"form-field-field_04e764d\">Ich habe die <a href=\"\/datenschutz\">Hinweise zum Datenschutz<\/a> gelesen und bin gem\u00e4\u00df DSGVO mit der dort n\u00e4her erkl\u00e4rten Speicherung meiner Daten einverstanden und auch damit, dass diese Daten zum Zweck der Kontaktaufnahme mit mir verwendet werden. *<\/label>\t\t\t<\/span>\n\t\t<\/div>\n\t\t\t\t\t\t<\/div>\n\t\t\t\t\t\t\t\t<div class=\"elementor-field-type-acceptance elementor-field-group elementor-column elementor-field-group-field_f785212 elementor-col-100\">\n\t\t\t\t\t\t\t<div class=\"elementor-field-subgroup\">\n\t\t\t<span class=\"elementor-field-option\">\n\t\t\t\t<input type=\"checkbox\" name=\"form_fields[field_f785212]\" id=\"form-field-field_f785212\" class=\"elementor-field elementor-size-sm  elementor-acceptance-field\">\n\t\t\t\t<label for=\"form-field-field_f785212\">Ich m\u00f6chte den kostenlosen SmartWOP-Newsletter mit aktuellen Infos zu Updates, neuen Funktionen und Angeboten per E-Mail an die oben angegebene E-Mail-Adresse erhalten.<\/label>\t\t\t<\/span>\n\t\t<\/div>\n\t\t\t\t\t\t<\/div>\n\t\t\t\t\t\t\t\t<div class=\"elementor-field-group elementor-column elementor-field-type-submit elementor-col-50 e-form__buttons\">\n\t\t\t\t\t<button class=\"elementor-button elementor-size-sm\" type=\"submit\">\n\t\t\t\t\t\t<span class=\"elementor-button-content-wrapper\">\n\t\t\t\t\t\t\t\t\t\t\t\t\t\t\t<span class=\"elementor-button-icon\">\n\t\t\t\t\t\t\t\t\t<svg aria-hidden=\"true\" class=\"e-font-icon-svg e-far-arrow-alt-circle-right\" viewBox=\"0 0 512 512\" xmlns=\"http:\/\/www.w3.org\/2000\/svg\"><path d=\"M504 256C504 119 393 8 256 8S8 119 8 256s111 248 248 248 248-111 248-248zm-448 0c0-110.5 89.5-200 200-200s200 89.5 200 200-89.5 200-200 200S56 366.5 56 256zm72 20v-40c0-6.6 5.4-12 12-12h116v-67c0-10.7 12.9-16 20.5-8.5l99 99c4.7 4.7 4.7 12.3 0 17l-99 99c-7.6 7.6-20.5 2.2-20.5-8.5v-67H140c-6.6 0-12-5.4-12-12z\"><\/path><\/svg>\t\t\t\t\t\t\t\t\t\t\t\t\t\t\t\t\t<\/span>\n\t\t\t\t\t\t\t\t\t\t\t\t\t\t\t\t\t\t\t\t\t\t<span class=\"elementor-button-text\">SmartWOP Basic jetzt  kostenlos anfordern<\/span>\n\t\t\t\t\t\t\t\t\t\t\t\t\t<\/span>\n\t\t\t\t\t<\/button>\n\t\t\t\t<\/div>\n\t\t\t<\/div>\n\t\t<\/form>\n\t\t\t\t\t\t<\/div>\n\t\t\t\t<\/div>\n\t\t\t\t\t<\/div>\n\t\t\t\t<\/div>\n\t\t\t\t<\/div>\n\t\t<div class=\"elementor-element elementor-element-3af13042 e-flex e-con-boxed e-con e-parent\" data-id=\"3af13042\" data-element_type=\"container\" data-e-type=\"container\" data-settings=\"{&quot;background_background&quot;:&quot;classic&quot;}\">\n\t\t\t\t\t<div class=\"e-con-inner\">\n\t\t\t\t<div class=\"elementor-element elementor-element-22a25dfa elementor-hidden-tablet elementor-hidden-mobile exad-sticky-section-no exad-glass-effect-no elementor-widget elementor-widget-heading\" data-id=\"22a25dfa\" data-element_type=\"widget\" data-e-type=\"widget\" data-widget_type=\"heading.default\">\n\t\t\t\t<div class=\"elementor-widget-container\">\n\t\t\t\t\t<h2 class=\"elementor-heading-title elementor-size-default\">Noch Fragen? Rufen Sie uns einfach an: 02 11 . 2 20 52 52 <\/h2>\t\t\t\t<\/div>\n\t\t\t\t<\/div>\n\t\t\t\t<div class=\"elementor-element elementor-element-13047c8b elementor-hidden-widescreen elementor-hidden-desktop elementor-hidden-laptop elementor-hidden-tablet_extra exad-sticky-section-no exad-glass-effect-no elementor-widget elementor-widget-heading\" data-id=\"13047c8b\" data-element_type=\"widget\" data-e-type=\"widget\" data-widget_type=\"heading.default\">\n\t\t\t\t<div class=\"elementor-widget-container\">\n\t\t\t\t\t<h2 class=\"elementor-heading-title elementor-size-default\">Noch Fragen? Rufen Sie uns einfach an:<br>02 11 . 2 20 52 52 <\/h2>\t\t\t\t<\/div>\n\t\t\t\t<\/div>\n\t\t\t\t\t<\/div>\n\t\t\t\t<\/div>\n\t\t\t\t<\/div>\n\t\t","protected":false},"excerpt":{"rendered":"<p>Nutzen Sie SmartWOP solange Sie wollen \u2013 v\u00f6llig kostenlos Fordern Sie das kostenlose SmartWOP BASIC 5.0 jetzt an Machen Sie jetzt den ersten Schritt zur einfacheren, kosteng\u00fcnstigeren und schnelleren M\u00f6belproduktion Die einfache und effektive Arbeitsweise, sowie die Kontrollfunktionen, die Assistenten und anderen praktische Funktionen stehen Ihnen f\u00fcr die Konstruktion in jedem verf\u00fcgbaren Volumen zur Konstruktion [&hellip;]<\/p>\n","protected":false},"author":2,"featured_media":0,"parent":3693,"menu_order":0,"comment_status":"closed","ping_status":"closed","template":"","meta":{"inline_featured_image":false,"footnotes":""},"class_list":["post-3713","page","type-page","status-publish","hentry"],"yoast_head":"<!-- This site is optimized with the Yoast SEO plugin v27.3 - https:\/\/yoast.com\/product\/yoast-seo-wordpress\/ -->\n<title>SmartWOP kostenlos - Tibek CNC-Technik - Macher von SmartWOP<\/title>\n<meta name=\"robots\" content=\"index, follow, max-snippet:-1, max-image-preview:large, max-video-preview:-1\" \/>\n<link rel=\"canonical\" href=\"https:\/\/tibek-cnc-technik.de\/en\/products\/smartwop\/smartwop-free\/\" \/>\n<meta property=\"og:locale\" content=\"en_GB\" \/>\n<meta property=\"og:type\" content=\"article\" \/>\n<meta property=\"og:title\" content=\"SmartWOP kostenlos - Tibek CNC-Technik - Macher von SmartWOP\" \/>\n<meta property=\"og:description\" content=\"Nutzen Sie SmartWOP solange Sie wollen \u2013 v\u00f6llig kostenlos Fordern Sie das kostenlose SmartWOP BASIC 5.0 jetzt an Machen Sie jetzt den ersten Schritt zur einfacheren, kosteng\u00fcnstigeren und schnelleren M\u00f6belproduktion Die einfache und effektive Arbeitsweise, sowie die Kontrollfunktionen, die Assistenten und anderen praktische Funktionen stehen Ihnen f\u00fcr die Konstruktion in jedem verf\u00fcgbaren Volumen zur Konstruktion [&hellip;]\" \/>\n<meta property=\"og:url\" content=\"https:\/\/tibek-cnc-technik.de\/en\/products\/smartwop\/smartwop-free\/\" \/>\n<meta property=\"og:site_name\" content=\"Tibek CNC-Technik - Macher von SmartWOP\" \/>\n<meta property=\"article:modified_time\" content=\"2025-10-09T08:45:23+00:00\" \/>\n<meta property=\"og:image\" content=\"https:\/\/tibek-cnc-technik.de\/wp-content\/uploads\/2023\/05\/42591978_Mitarbeiter-laechelt-in-Kamera-Monitor-mit-Schrankprojekt-scaled.jpg\" \/>\n\t<meta property=\"og:image:width\" content=\"2560\" \/>\n\t<meta property=\"og:image:height\" content=\"1707\" \/>\n\t<meta property=\"og:image:type\" content=\"image\/jpeg\" \/>\n<meta name=\"twitter:card\" content=\"summary_large_image\" \/>\n<meta name=\"twitter:label1\" content=\"Estimated reading time\" \/>\n\t<meta name=\"twitter:data1\" content=\"2 minutes\" \/>\n<script type=\"application\/ld+json\" class=\"yoast-schema-graph\">{\"@context\":\"https:\\\/\\\/schema.org\",\"@graph\":[{\"@type\":\"WebPage\",\"@id\":\"https:\\\/\\\/tibek-cnc-technik.de\\\/produkte\\\/smartwop\\\/smartwop-kostenlos\\\/\",\"url\":\"https:\\\/\\\/tibek-cnc-technik.de\\\/produkte\\\/smartwop\\\/smartwop-kostenlos\\\/\",\"name\":\"SmartWOP kostenlos - Tibek CNC-Technik - Macher von SmartWOP\",\"isPartOf\":{\"@id\":\"https:\\\/\\\/tibek-cnc-technik.de\\\/#website\"},\"primaryImageOfPage\":{\"@id\":\"https:\\\/\\\/tibek-cnc-technik.de\\\/produkte\\\/smartwop\\\/smartwop-kostenlos\\\/#primaryimage\"},\"image\":{\"@id\":\"https:\\\/\\\/tibek-cnc-technik.de\\\/produkte\\\/smartwop\\\/smartwop-kostenlos\\\/#primaryimage\"},\"thumbnailUrl\":\"https:\\\/\\\/tibek-cnc-technik.de\\\/wp-content\\\/uploads\\\/2023\\\/05\\\/42591978_Mitarbeiter-laechelt-in-Kamera-Monitor-mit-Schrankprojekt-1024x683.jpg\",\"datePublished\":\"2023-02-06T18:55:00+00:00\",\"dateModified\":\"2025-10-09T08:45:23+00:00\",\"breadcrumb\":{\"@id\":\"https:\\\/\\\/tibek-cnc-technik.de\\\/produkte\\\/smartwop\\\/smartwop-kostenlos\\\/#breadcrumb\"},\"inLanguage\":\"en-GB\",\"potentialAction\":[{\"@type\":\"ReadAction\",\"target\":[\"https:\\\/\\\/tibek-cnc-technik.de\\\/produkte\\\/smartwop\\\/smartwop-kostenlos\\\/\"]}]},{\"@type\":\"ImageObject\",\"inLanguage\":\"en-GB\",\"@id\":\"https:\\\/\\\/tibek-cnc-technik.de\\\/produkte\\\/smartwop\\\/smartwop-kostenlos\\\/#primaryimage\",\"url\":\"https:\\\/\\\/tibek-cnc-technik.de\\\/wp-content\\\/uploads\\\/2023\\\/05\\\/42591978_Mitarbeiter-laechelt-in-Kamera-Monitor-mit-Schrankprojekt-1024x683.jpg\",\"contentUrl\":\"https:\\\/\\\/tibek-cnc-technik.de\\\/wp-content\\\/uploads\\\/2023\\\/05\\\/42591978_Mitarbeiter-laechelt-in-Kamera-Monitor-mit-Schrankprojekt-1024x683.jpg\"},{\"@type\":\"BreadcrumbList\",\"@id\":\"https:\\\/\\\/tibek-cnc-technik.de\\\/produkte\\\/smartwop\\\/smartwop-kostenlos\\\/#breadcrumb\",\"itemListElement\":[{\"@type\":\"ListItem\",\"position\":1,\"name\":\"Startseite\",\"item\":\"https:\\\/\\\/tibek-cnc-technik.de\\\/\"},{\"@type\":\"ListItem\",\"position\":2,\"name\":\"Produkte\",\"item\":\"https:\\\/\\\/tibek-cnc-technik.de\\\/produkte\\\/\"},{\"@type\":\"ListItem\",\"position\":3,\"name\":\"SmartWOP\",\"item\":\"https:\\\/\\\/tibek-cnc-technik.de\\\/produkte\\\/smartwop\\\/\"},{\"@type\":\"ListItem\",\"position\":4,\"name\":\"SmartWOP kostenlos\"}]},{\"@type\":\"WebSite\",\"@id\":\"https:\\\/\\\/tibek-cnc-technik.de\\\/#website\",\"url\":\"https:\\\/\\\/tibek-cnc-technik.de\\\/\",\"name\":\"Tibek CNC-Technik - Macher von SmartWOP\",\"description\":\"Die Drag-and-Drop-3D-Konstruktionssoftware f\u00fcr Schreiner und Tischler\",\"publisher\":{\"@id\":\"https:\\\/\\\/tibek-cnc-technik.de\\\/#organization\"},\"potentialAction\":[{\"@type\":\"SearchAction\",\"target\":{\"@type\":\"EntryPoint\",\"urlTemplate\":\"https:\\\/\\\/tibek-cnc-technik.de\\\/?s={search_term_string}\"},\"query-input\":{\"@type\":\"PropertyValueSpecification\",\"valueRequired\":true,\"valueName\":\"search_term_string\"}}],\"inLanguage\":\"en-GB\"},{\"@type\":\"Organization\",\"@id\":\"https:\\\/\\\/tibek-cnc-technik.de\\\/#organization\",\"name\":\"Tibek CNC-Technik - Macher von SmartWOP\",\"url\":\"https:\\\/\\\/tibek-cnc-technik.de\\\/\",\"logo\":{\"@type\":\"ImageObject\",\"inLanguage\":\"en-GB\",\"@id\":\"https:\\\/\\\/tibek-cnc-technik.de\\\/#\\\/schema\\\/logo\\\/image\\\/\",\"url\":\"https:\\\/\\\/tibek-cnc-technik.de\\\/wp-content\\\/uploads\\\/2023\\\/02\\\/Tibek-Logo-mit-Unterzeile-2018-RGB-1.svg\",\"contentUrl\":\"https:\\\/\\\/tibek-cnc-technik.de\\\/wp-content\\\/uploads\\\/2023\\\/02\\\/Tibek-Logo-mit-Unterzeile-2018-RGB-1.svg\",\"width\":133,\"height\":48,\"caption\":\"Tibek CNC-Technik - Macher von SmartWOP\"},\"image\":{\"@id\":\"https:\\\/\\\/tibek-cnc-technik.de\\\/#\\\/schema\\\/logo\\\/image\\\/\"}}]}<\/script>\n<!-- \/ Yoast SEO plugin. -->","yoast_head_json":{"title":"SmartWOP free - Tibek CNC-Technik - Makers of SmartWOP","robots":{"index":"index","follow":"follow","max-snippet":"max-snippet:-1","max-image-preview":"max-image-preview:large","max-video-preview":"max-video-preview:-1"},"canonical":"https:\/\/tibek-cnc-technik.de\/en\/products\/smartwop\/smartwop-free\/","og_locale":"en_GB","og_type":"article","og_title":"SmartWOP kostenlos - Tibek CNC-Technik - Macher von SmartWOP","og_description":"Nutzen Sie SmartWOP solange Sie wollen \u2013 v\u00f6llig kostenlos Fordern Sie das kostenlose SmartWOP BASIC 5.0 jetzt an Machen Sie jetzt den ersten Schritt zur einfacheren, kosteng\u00fcnstigeren und schnelleren M\u00f6belproduktion Die einfache und effektive Arbeitsweise, sowie die Kontrollfunktionen, die Assistenten und anderen praktische Funktionen stehen Ihnen f\u00fcr die Konstruktion in jedem verf\u00fcgbaren Volumen zur Konstruktion [&hellip;]","og_url":"https:\/\/tibek-cnc-technik.de\/en\/products\/smartwop\/smartwop-free\/","og_site_name":"Tibek CNC-Technik - Macher von SmartWOP","article_modified_time":"2025-10-09T08:45:23+00:00","og_image":[{"width":2560,"height":1707,"url":"https:\/\/tibek-cnc-technik.de\/wp-content\/uploads\/2023\/05\/42591978_Mitarbeiter-laechelt-in-Kamera-Monitor-mit-Schrankprojekt-scaled.jpg","type":"image\/jpeg"}],"twitter_card":"summary_large_image","twitter_misc":{"Estimated reading time":"2 minutes"},"schema":{"@context":"https:\/\/schema.org","@graph":[{"@type":"WebPage","@id":"https:\/\/tibek-cnc-technik.de\/produkte\/smartwop\/smartwop-kostenlos\/","url":"https:\/\/tibek-cnc-technik.de\/produkte\/smartwop\/smartwop-kostenlos\/","name":"SmartWOP free - Tibek CNC-Technik - Makers of SmartWOP","isPartOf":{"@id":"https:\/\/tibek-cnc-technik.de\/#website"},"primaryImageOfPage":{"@id":"https:\/\/tibek-cnc-technik.de\/produkte\/smartwop\/smartwop-kostenlos\/#primaryimage"},"image":{"@id":"https:\/\/tibek-cnc-technik.de\/produkte\/smartwop\/smartwop-kostenlos\/#primaryimage"},"thumbnailUrl":"https:\/\/tibek-cnc-technik.de\/wp-content\/uploads\/2023\/05\/42591978_Mitarbeiter-laechelt-in-Kamera-Monitor-mit-Schrankprojekt-1024x683.jpg","datePublished":"2023-02-06T18:55:00+00:00","dateModified":"2025-10-09T08:45:23+00:00","breadcrumb":{"@id":"https:\/\/tibek-cnc-technik.de\/produkte\/smartwop\/smartwop-kostenlos\/#breadcrumb"},"inLanguage":"en-GB","potentialAction":[{"@type":"ReadAction","target":["https:\/\/tibek-cnc-technik.de\/produkte\/smartwop\/smartwop-kostenlos\/"]}]},{"@type":"ImageObject","inLanguage":"en-GB","@id":"https:\/\/tibek-cnc-technik.de\/produkte\/smartwop\/smartwop-kostenlos\/#primaryimage","url":"https:\/\/tibek-cnc-technik.de\/wp-content\/uploads\/2023\/05\/42591978_Mitarbeiter-laechelt-in-Kamera-Monitor-mit-Schrankprojekt-1024x683.jpg","contentUrl":"https:\/\/tibek-cnc-technik.de\/wp-content\/uploads\/2023\/05\/42591978_Mitarbeiter-laechelt-in-Kamera-Monitor-mit-Schrankprojekt-1024x683.jpg"},{"@type":"BreadcrumbList","@id":"https:\/\/tibek-cnc-technik.de\/produkte\/smartwop\/smartwop-kostenlos\/#breadcrumb","itemListElement":[{"@type":"ListItem","position":1,"name":"Startseite","item":"https:\/\/tibek-cnc-technik.de\/"},{"@type":"ListItem","position":2,"name":"Produkte","item":"https:\/\/tibek-cnc-technik.de\/produkte\/"},{"@type":"ListItem","position":3,"name":"SmartWOP","item":"https:\/\/tibek-cnc-technik.de\/produkte\/smartwop\/"},{"@type":"ListItem","position":4,"name":"SmartWOP kostenlos"}]},{"@type":"WebSite","@id":"https:\/\/tibek-cnc-technik.de\/#website","url":"https:\/\/tibek-cnc-technik.de\/","name":"Tibek CNC technology - creators of SmartWOP","description":"The drag-and-drop 3D design software for joiners and carpenters","publisher":{"@id":"https:\/\/tibek-cnc-technik.de\/#organization"},"potentialAction":[{"@type":"SearchAction","target":{"@type":"EntryPoint","urlTemplate":"https:\/\/tibek-cnc-technik.de\/?s={search_term_string}"},"query-input":{"@type":"PropertyValueSpecification","valueRequired":true,"valueName":"search_term_string"}}],"inLanguage":"en-GB"},{"@type":"Organization","@id":"https:\/\/tibek-cnc-technik.de\/#organization","name":"Tibek CNC technology - creators of SmartWOP","url":"https:\/\/tibek-cnc-technik.de\/","logo":{"@type":"ImageObject","inLanguage":"en-GB","@id":"https:\/\/tibek-cnc-technik.de\/#\/schema\/logo\/image\/","url":"https:\/\/tibek-cnc-technik.de\/wp-content\/uploads\/2023\/02\/Tibek-Logo-mit-Unterzeile-2018-RGB-1.svg","contentUrl":"https:\/\/tibek-cnc-technik.de\/wp-content\/uploads\/2023\/02\/Tibek-Logo-mit-Unterzeile-2018-RGB-1.svg","width":133,"height":48,"caption":"Tibek CNC-Technik - Macher von SmartWOP"},"image":{"@id":"https:\/\/tibek-cnc-technik.de\/#\/schema\/logo\/image\/"}}]}},"_links":{"self":[{"href":"https:\/\/tibek-cnc-technik.de\/en\/wp-json\/wp\/v2\/pages\/3713","targetHints":{"allow":["GET"]}}],"collection":[{"href":"https:\/\/tibek-cnc-technik.de\/en\/wp-json\/wp\/v2\/pages"}],"about":[{"href":"https:\/\/tibek-cnc-technik.de\/en\/wp-json\/wp\/v2\/types\/page"}],"author":[{"embeddable":true,"href":"https:\/\/tibek-cnc-technik.de\/en\/wp-json\/wp\/v2\/users\/2"}],"replies":[{"embeddable":true,"href":"https:\/\/tibek-cnc-technik.de\/en\/wp-json\/wp\/v2\/comments?post=3713"}],"version-history":[{"count":175,"href":"https:\/\/tibek-cnc-technik.de\/en\/wp-json\/wp\/v2\/pages\/3713\/revisions"}],"predecessor-version":[{"id":13185,"href":"https:\/\/tibek-cnc-technik.de\/en\/wp-json\/wp\/v2\/pages\/3713\/revisions\/13185"}],"up":[{"embeddable":true,"href":"https:\/\/tibek-cnc-technik.de\/en\/wp-json\/wp\/v2\/pages\/3693"}],"wp:attachment":[{"href":"https:\/\/tibek-cnc-technik.de\/en\/wp-json\/wp\/v2\/media?parent=3713"}],"curies":[{"name":"wp","href":"https:\/\/api.w.org\/{rel}","templated":true}]}}